{"id":1459,"date":"2024-01-16T12:37:29","date_gmt":"2024-01-16T10:37:29","guid":{"rendered":"https:\/\/ambchisinau.esteri.it\/?page_id=1459"},"modified":"2026-02-25T14:55:31","modified_gmt":"2026-02-25T12:55:31","slug":"carta-didentita-elettronica-c-i-e","status":"publish","type":"page","link":"https:\/\/ambchisinau.esteri.it\/it\/servizi-consolari-e-visti\/servizi-per-il-cittadino-italiano\/passaporti-e-carte-didentita\/carta-didentita-elettronica-c-i-e\/","title":{"rendered":"Carta d&#8217;identit\u00e0 elettronica (C.I.E)"},"content":{"rendered":"<p><strong>Carta d&#8217;identit\u00e0 elettronica (C.I.E)<\/strong><\/p>\n<p style=\"text-align: justify;\"><strong>La carta d\u2019identit\u00e0 elettronica (C.I.E) viene rilasciata esclusivamente ai cittadini italiani regolarmente residenti nella circoscrizione consolare ed iscritti all\u2019AIRE<\/strong>.<\/p>\n<p style=\"text-align: justify;\">Il rilascio della C.I.E. non \u00e8 a vista, ma avviene tramite invio di Raccomandata dall\u2019Italia (ove la carta \u00e8 materialmente stampata) direttamente all\u2019indirizzo di questa Ambasciata.<\/p>\n<p style=\"text-align: justify;\">Anche se residente all\u2019estero, il connazionale pu\u00f2 sempre chiedere la C.I. al Comune italiano di iscrizione AIRE.<\/p>\n<p style=\"text-align: justify;\">Si ricorda che a partire dal 1\u00b0 giugno 2026 i cittadini iscritti all&#8217;AIRE potranno presentare domanda per il rilascio della C.I.E. presso qualsiasi Comune italiano.<\/p>\n<p style=\"text-align: justify;\">La Carta d&#8217;Identit\u00e0 sar\u00e0 consegnata con le medesime modalit\u00e0 previste in caso di domanda presentata tramite l&#8217;Ufficio consolare, con facolt\u00e0 per l&#8217;interessato di ritirarla personalmente presso il Comune ovvero di richiederne la spedizione all&#8217;estero.<\/p>\n<p style=\"text-align: justify;\"><u>Si ricorda che <\/u><u>la C.I. pu\u00f2 essere richiesta fin dalla nascita.<\/u><\/p>\n<p><strong>Per il rilascio della C.I.E. deve essere presentata la seguente documentazione:<\/strong><\/p>\n<p>1) <a href=\"https:\/\/ambchisinau.esteri.it\/wp-content\/uploads\/2024\/10\/Modello-Richiesta-CIE.pdf\">Istanza di richiesta della C.I.E.<\/a> deve essere presentata allo sportello oppure tramite mail all\u2019indirizzo <a href=\"mailto:chisinau.consolare@esteri.it\">chisinau.consolare@esteri.it<\/a>.<\/p>\n<p>2) N. 2 fotografie recenti <a class=\"\" href=\"https:\/\/www.esteri.it\/it\/servizi-consolari-e-visti\/italiani-all-estero\/documenti_di_viaggio\/linee-guida-foto-icao\/\" data-focus-mouse=\"false\">conformi al formato Icao<\/a>;<br \/>\n3) La precedente carta d\u2019identit\u00e0, se disponibile o qualunque altro documento di riconoscimento.<br \/>\n4) Nel caso di <a href=\"https:\/\/ambchisinau.esteri.it\/wp-content\/uploads\/2024\/10\/Modulo-richiesta-CIE-a-favore-di-minori.pdf\">istanza di richiesta di C.I.E. per minori<\/a>, l\u2019<a href=\"https:\/\/ambchisinau.esteri.it\/wp-content\/uploads\/2024\/10\/CIE-e-PASSAPORTO-Assenso-genitori.pdf\">assenso del genitore esercente la responsabilit\u00e0 genitoriale<\/a>.<br \/>\n5) Nel caso di richiesta di C.I.E. per furto o smarrimento della precedente C.I., copia della denuncia presso le autorit\u00e0 moldave.<\/p>\n<p style=\"text-align: justify;\">Tutta la documentazione indicata ai punti da 2) a 5) dovr\u00e0 essere consegnata in originale dall\u2019interessato al momento dell\u2019appuntamento.<\/p>\n<p style=\"text-align: justify;\">Si informano i connazionali, genitori di figli minori, che <strong>a partire dal 14 giugno 2023<\/strong> non sar\u00e0 pi\u00f9 necessario presentare l\u2019atto di assenso dell\u2019altro genitore ai fini del rilascio del proprio documento d\u2019identit\u00e0 (passaporto e CIE), ai sensi del D.L. nr. 69\/2023.<\/p>\n<p style=\"text-align: justify;\">Nello specifico il novellato articolo 3-bis della L. 1185\/1967 indica che, quando vi \u00e8 concreto e attuale pericolo che a causa del trasferimento all\u2019estero questo possa sottrarsi all\u2019adempimento dei suoi obblighi verso i figli, sar\u00e0 possibile per l\u2019altro genitore richiedere una inibitoria al rilascio del documento.<\/p>\n<p style=\"text-align: justify;\">L\u2019istanza potr\u00e0 essere presentata presso il giudice competente presso il Tribunale ordinario in cui il minore ha la residenza abituale ovvero, se il minore \u00e8 residente all\u2019estero, il Tribunale nel cui circondario si trova il suo Comune di iscrizione AIRE. Ai fini del rilascio dei documenti per i minori, invece, resta l\u2019obbligo dell\u2019assenso firmato da entrambi i genitori o da chi esercita la responsabilit\u00e0 genitoriale.<\/p>\n<p style=\"text-align: justify;\">Il rilascio della C.I.E. prevede il pagamento di <strong>Euro 21,95<\/strong>\u00a0da corrispondere presso qualsiasi filiale della Banca Eximbank e la presentazione della relativa ricevuta ai nostri sportelli.<\/p>\n<p>Il rilascio del duplicato della Carta d&#8217;identit\u00e0 elettronica prevede il pagamento di <strong>Euro 27,11, <\/strong>da corrispondere presso qualsiasi filiale della banca Eximbank S.A. con presentazione della ricevuta ai nostri sportelli.<\/p>\n<p>Si ricorda che l&#8217;Ufficio Consolare di questa Ambasciata <strong>non<\/strong> accetta il pagamento in contanti.<\/p>\n<p>La carta di identit\u00e0 ha la seguente durata:<\/p>\n<p>\u2013 3 anni, fino a 3 anni di et\u00e0;<br \/>\n\u2013\u00a05 anni, dai 3 anni ai 18 anni;<br \/>\n\u2013 10 anni, dopo il compimento dei 18 anni;<\/p>\n<p>La scadenza della Carta d\u2019identit\u00e0 coincide con il giorno del proprio compleanno.<\/p>\n<p><strong>DICHIARAZIONE DI ACCOMPAGNAMENTO<\/strong><\/p>\n<p>I <u>minori di anni quattordici<\/u>, per i quali vige l\u2019obbligo del possesso di documento di espatrio individuale (passaporto o carta di identit\u00e0) possono viaggiare solo se accompagnati da uno o entrambi i genitori o da persona a cui vengano affidati.<\/p>\n<p>Per l\u2019affidamento del minore ad altra persona, ente o compagnia di trasporto, i genitori (o titolari della responsabilit\u00e0 genitoriale) sono tenuti a richiedere con apposita \u201cdichiarazione\u201d (<a href=\"https:\/\/ambchisinau.esteri.it\/wp-content\/uploads\/2024\/01\/Modulo-Dichiarazione-di-accompagnamento-domanda.pdf\">clicca per scaricare il modulo<\/a>), presentata all&#8217;Ufficio consolare o all\u2019autorit\u00e0 italiana competente, l\u2019attestazione o la stampa sul passaporto dell\u2019autorizzazione agli affidatari. La richiesta dovr\u00e0 indicare il periodo e i paesi di transito e destinazione relativi al viaggio del minore.<\/p>\n<p>Per ulteriori informazioni consultare il sito <a href=\"https:\/\/border.gov.md\/\">https:\/\/border.gov.md\/<\/a>.<\/p>\n<p><strong>RESTITUZIONE AI TITOLARI DI CARTE D\u2019IDENTIT\u00c0 ITALIANE RINVENUTE ALL\u2019ESTERO<\/strong><\/p>\n<p style=\"text-align: justify;\">Si rende noto all\u2019utenza che le carte d\u2019identit\u00e0 oggetto di furto o smarrimento all\u2019estero, in caso di rinvenimento, vengono di norma restituite agli Uffici consolari nella cui circoscrizione \u00e8 avvenuto il furto o lo smarrimento.<\/p>\n<p style=\"text-align: justify;\">Si invitano pertanto coloro che abbiano recentemente subito all\u2019estero un furto\/smarrimento e vogliano verificare se la propria carta d\u2019identit\u00e0 sia stata rinvenuta, a contattare l\u2019Ufficio consolare territorialmente competente per ulteriori informazioni in merito.<\/p>\n<p style=\"text-align: justify;\">Si segnala che l\u2019eventuale ritiro dei predetti documenti potr\u00e0 avvenire, presso l\u2019Ufficio consolare dove \u00e8 avvenuto il rinvenimento, secondo le seguenti modalit\u00e0:<\/p>\n<ul style=\"text-align: justify;\">\n<li>presso gli sportelli dell\u2019Ufficio consolare;<\/li>\n<li>su richiesta dell\u2019interessato, tramite servizio postale con spese di spedizione a suo carico.<\/li>\n<\/ul>\n<p style=\"text-align: justify;\">Con riferimento alle carte di identit\u00e0 rilasciate dalla Rete consolare rubate o smarrite all\u2019estero, sar\u00e0 cura degli Uffici consolari comunicarne il rinvenimento al titolare, evidenziando che le stesse saranno distrutte nel caso in cui non ne sia stata richiesta la restituzione trascorso un anno dalla data del rinvenimento.<\/p>\n","protected":false},"excerpt":{"rendered":"Carta d&#8217;identit\u00e0 elettronica (C.I.E) La carta d\u2019identit\u00e0 elettronica (C.I.E) viene rilasciata esclusivamente ai cittadini italiani regolarmente residenti nella circoscrizione consolare ed iscritti all\u2019AIRE. Il rilascio della C.I.E. non \u00e8 a vista, ma avviene tramite invio di Raccomandata dall\u2019Italia (ove la carta \u00e8 materialmente stampata) direttamente all\u2019indirizzo di questa Ambasciata. Anche se residente all\u2019estero, il connazionale [&hellip;]","protected":false},"author":4,"featured_media":0,"parent":49,"menu_order":1,"comment_status":"closed","ping_status":"closed","template":"","meta":{"footnotes":""},"class_list":["post-1459","page","type-page","status-publish","hentry"],"_links":{"self":[{"href":"https:\/\/ambchisinau.esteri.it\/it\/wp-json\/wp\/v2\/pages\/1459","targetHints":{"allow":["GET"]}}],"collection":[{"href":"https:\/\/ambchisinau.esteri.it\/it\/wp-json\/wp\/v2\/pages"}],"about":[{"href":"https:\/\/ambchisinau.esteri.it\/it\/wp-json\/wp\/v2\/types\/page"}],"author":[{"embeddable":true,"href":"https:\/\/ambchisinau.esteri.it\/it\/wp-json\/wp\/v2\/users\/4"}],"replies":[{"embeddable":true,"href":"https:\/\/ambchisinau.esteri.it\/it\/wp-json\/wp\/v2\/comments?post=1459"}],"version-history":[{"count":6,"href":"https:\/\/ambchisinau.esteri.it\/it\/wp-json\/wp\/v2\/pages\/1459\/revisions"}],"predecessor-version":[{"id":3220,"href":"https:\/\/ambchisinau.esteri.it\/it\/wp-json\/wp\/v2\/pages\/1459\/revisions\/3220"}],"up":[{"embeddable":true,"href":"https:\/\/ambchisinau.esteri.it\/it\/wp-json\/wp\/v2\/pages\/49"}],"wp:attachment":[{"href":"https:\/\/ambchisinau.esteri.it\/it\/wp-json\/wp\/v2\/media?parent=1459"}],"curies":[{"name":"wp","href":"https:\/\/api.w.org\/{rel}","templated":true}]}}