{"id":2870,"date":"2025-12-09T12:42:25","date_gmt":"2025-12-09T10:42:25","guid":{"rendered":"https:\/\/ambchisinau.esteri.it\/?page_id=2870"},"modified":"2025-12-09T12:55:30","modified_gmt":"2025-12-09T10:55:30","slug":"requisiti-per-la-richiesta-della-cittadinanza","status":"publish","type":"page","link":"https:\/\/ambchisinau.esteri.it\/it\/servizi-consolari-e-visti\/servizi-per-il-cittadino-straniero\/cittadinanza\/cittadinanza-per-matrimonio-e-unione-civile\/requisiti-per-la-richiesta-della-cittadinanza\/","title":{"rendered":"Requisiti per la richiesta della cittadinanza"},"content":{"rendered":"<ul>\n<li style=\"text-align: justify;\"><u>Residenza<\/u> nella circoscrizione consolare:<br \/>\n&#8211; Il richiedente dovr\u00e0 indirizzare la domanda alla Rappresentanza diplomatico-consolare competente per la sua residenza, esclusivamente attraverso l\u2019apposito applicativo informatico (vedi <a href=\"https:\/\/ambchisinau.esteri.it\/it\/servizi-consolari-e-visti\/servizi-per-il-cittadino-straniero\/cittadinanza\/cittadinanza-per-matrimonio-e-unione-civile\/procedure\/\">Procedure -&gt; Fase 1 \u2013 Registrazione e inserimento istanza<\/a>).<br \/>\n&#8211; Il coniuge\/parte dell\u2019unione civile di nazionalit\u00e0 italiana deve essere residente e regolarmente iscritto all\u2019Anagrafe degli Italiani residenti all\u2019estero (A.I.R.E.) della circoscrizione consolare di competenza e convivente allo stesso indirizzo del richiedente la cittadinanza. In caso contrario, dovr\u00e0 essere fornita da entrambi i coniugi documentazione comprovante la motivazione (es. lavoro, scolarit\u00e0 dei figli, cure mediche o altro), che determina o ha determinato la necessit\u00e0 del domicilio disgiunto.<\/li>\n<li style=\"text-align: justify;\"><u>Termini di presentazione<\/u>:<br \/>\n&#8211; La domanda pu\u00f2 essere presentata 3 anni dopo la celebrazione del matrimonio\/unione civile, se il coniuge \u00e8 cittadino italiano <em>iure sanguinis, <\/em>cio\u00e8 dalla nascita. Se il coniuge italiano ha acquisito la cittadinanza successivamente al matrimonio (ad es. per residenza in Italia), i tre anni decorrono dalla data della naturalizzazione del coniuge. I tre anni vengono ridotti a un anno e mezzo in presenza di figli nati o adottati dai coniugi.<\/li>\n<li style=\"text-align: justify;\"><span style=\"text-decoration: underline;\">Trascrizione e validit\u00e0 del matrimonio \/ unione civile:<br \/>\n<\/span>&#8211; Se avvenuto all&#8217;estero, deve essere stato precedentemente trascritto presso un Comune in Italia.<br \/>\n&#8211; Il vincolo di coniugio\/unione civile deve rimanere valido e stabile fino all\u2019adozione del provvedimento di concessione della cittadinanza. Al fine del conferimento della cittadinanza italiana, alla data di adozione del decreto non deve essere intervenuto lo scioglimento del matrimonio\/unione civile per separazione personale o divorzio. Invece, il decesso del coniuge dopo la presentazione della domanda di cittadinanza non comporta la decadenza dal beneficio.<\/li>\n<li><u>Situazione penale:<br \/>\n<\/u>&#8211; Assenza di sentenze di condanna da parte delle Autorit\u00e0 giudiziarie italiane per reati per i quali sia prevista una pena superiore a tre anni di reclusione.<br \/>\n&#8211; Assenza di sentenze di condanna da parte delle Autorit\u00e0 giudiziarie straniere ad una pena superiore ad un anno per reati non politici.<br \/>\n&#8211; Assenza di condanne per delitti contro la personalit\u00e0 dello Stato e di motivi ostativi per la sicurezza della Repubblica.<\/li>\n<li><u>Conoscenza della lingua italiana non inferiore a livello B1 del Quadro Comune Europeo di Riferimento (QCER)<\/u><\/li>\n<li><a href=\"https:\/\/ambchisinau.esteri.it\/it\/servizi-consolari-e-visti\/servizi-per-il-cittadino-straniero\/cittadinanza\/cittadinanza-per-matrimonio-e-unione-civile\/documenti-necessari-per-la-richiesta-di-cittadinanza\/\"><u>Pagamento delle tasse e percezioni indicate nelle sezioni Documenti e Costi<\/u><\/a><\/li>\n<\/ul>\n","protected":false},"excerpt":{"rendered":"Residenza nella circoscrizione consolare: &#8211; Il richiedente dovr\u00e0 indirizzare la domanda alla Rappresentanza diplomatico-consolare competente per la sua residenza, esclusivamente attraverso l\u2019apposito applicativo informatico (vedi Procedure -&gt; Fase 1 \u2013 Registrazione e inserimento istanza). &#8211; Il coniuge\/parte dell\u2019unione civile di nazionalit\u00e0 italiana deve essere residente e regolarmente iscritto all\u2019Anagrafe degli Italiani residenti all\u2019estero (A.I.R.E.) della [&hellip;]","protected":false},"author":4,"featured_media":0,"parent":2016,"menu_order":1,"comment_status":"closed","ping_status":"closed","template":"","meta":{"footnotes":""},"class_list":["post-2870","page","type-page","status-publish","hentry"],"_links":{"self":[{"href":"https:\/\/ambchisinau.esteri.it\/it\/wp-json\/wp\/v2\/pages\/2870","targetHints":{"allow":["GET"]}}],"collection":[{"href":"https:\/\/ambchisinau.esteri.it\/it\/wp-json\/wp\/v2\/pages"}],"about":[{"href":"https:\/\/ambchisinau.esteri.it\/it\/wp-json\/wp\/v2\/types\/page"}],"author":[{"embeddable":true,"href":"https:\/\/ambchisinau.esteri.it\/it\/wp-json\/wp\/v2\/users\/4"}],"replies":[{"embeddable":true,"href":"https:\/\/ambchisinau.esteri.it\/it\/wp-json\/wp\/v2\/comments?post=2870"}],"version-history":[{"count":4,"href":"https:\/\/ambchisinau.esteri.it\/it\/wp-json\/wp\/v2\/pages\/2870\/revisions"}],"predecessor-version":[{"id":2894,"href":"https:\/\/ambchisinau.esteri.it\/it\/wp-json\/wp\/v2\/pages\/2870\/revisions\/2894"}],"up":[{"embeddable":true,"href":"https:\/\/ambchisinau.esteri.it\/it\/wp-json\/wp\/v2\/pages\/2016"}],"wp:attachment":[{"href":"https:\/\/ambchisinau.esteri.it\/it\/wp-json\/wp\/v2\/media?parent=2870"}],"curies":[{"name":"wp","href":"https:\/\/api.w.org\/{rel}","templated":true}]}}