{"id":2880,"date":"2025-12-09T12:47:18","date_gmt":"2025-12-09T10:47:18","guid":{"rendered":"https:\/\/ambchisinau.esteri.it\/?page_id=2880"},"modified":"2025-12-09T12:52:45","modified_gmt":"2025-12-09T10:52:45","slug":"documenti-necessari-per-la-richiesta-di-cittadinanza","status":"publish","type":"page","link":"https:\/\/ambchisinau.esteri.it\/it\/servizi-consolari-e-visti\/servizi-per-il-cittadino-straniero\/cittadinanza\/cittadinanza-per-matrimonio-e-unione-civile\/documenti-necessari-per-la-richiesta-di-cittadinanza\/","title":{"rendered":"Documenti necessari per la richiesta di cittadinanza"},"content":{"rendered":"<ul>\n<li><strong>Estratto dell\u2019atto di nascita<\/strong>\u00a0o equivalente, in originale, rilasciato possibilmente da non oltre sei mesi dal Paese in cui si \u00e8 nati, completo di tutte le generalit\u00e0 (incluse paternit\u00e0 e maternit\u00e0) su formulario multilingue oppure debitamente tradotto in lingua italiana e legalizzato con apostille;<\/li>\n<li><strong>\u201cAVIZ\u201d <\/strong>o qualsiasi atto di stato civile rilasciato dalle autorit\u00e0 moldave e dal quale si evinca il\u00a0cambio cognome a seguito del matrimonio debitamente tradotto in lingua italiana e legalizzato con apostille;<\/li>\n<li><strong>Certificati Penali<\/strong>\u00a0del Paese di origine, degli eventuali Paesi terzi di residenza (a partire dai 14 anni d\u2019et\u00e0) \u2013 tranne l\u2019Italia \u2013 e dei Paesi di cui si possiede la cittadinanza, in originale, rilasciati inderogabilmente da non oltre tre mesi prima della presentazione della domanda, debitamente legalizzati\/apostillati e tradotti in lingua italiana.<br \/>\nIl richiedente \u00e8 esonerato dal presentare il certificato penale del Paese di origine solo se lo ha lasciato prima del compimento dei 14 anni e\u00a0<u>non<\/u>\u00a0ne ha conservato la cittadinanza.<\/li>\n<li>Ricevuta del versamento del contributo di 250\u20ac a favore del Ministero dell\u2019Interno, con le modalit\u00e0 indicate nella sezione \u201cCosti\u201d;<\/li>\n<li><strong>Documento di identit\u00e0<\/strong>: fotocopia del passaporto oppure della carta di identit\u00e0 estera in corso di validit\u00e0 (pagine con i dati personali, fotografia, date di rilascio e scadenza);<\/li>\n<li><strong>Copia dell\u2019atto di matrimonio o estratto per riassunto del registro dei matrimoni<\/strong>, da richiedere al competente Comune italiano in cui l\u2019atto risulta trascritto, possibilmente rilasciato da non oltre sei mesi.<br \/>\n<u>NOTA BENE<\/u>: Qualora il richiedente sia un cittadino UE, potr\u00e0 avvalersi dell\u2019autocertificazione ai sensi del DPR 445\/2000.<\/li>\n<li><strong>Certificato di conoscenza della lingua italiana<\/strong>\u00a0non inferiore al livello B1 del Quadro Comune Europeo di Riferimento (QCER).\u00a0<u>Le certificazioni ammesse sono esclusivamente le seguenti<\/u>:\n<ul>\n<li>PLIDA della Societ\u00e0 Dante Alighieri<\/li>\n<li>CertIt dell\u2019Universit\u00e0 Roma Tre<\/li>\n<li>CILS dell\u2019Universit\u00e0 per stranieri di Siena<\/li>\n<li>CELI dell\u2019Universit\u00e0 per stranieri di Perugia (disponibile a Chisinau)<\/li>\n<li>Co.L dell\u2019Universit\u00e0 per stranieri di Reggio Calabria<\/li>\n<\/ul>\n<\/li>\n<\/ul>\n<p>Trova il tuo centro di CELI\u00a0<a href=\"https:\/\/www.unistrapg.it\/centri-esame-celi.pdf\">https:\/\/www.unistrapg.it\/centri-esame-celi.pdf<\/a><\/p>\n<p>Altre certificazioni provenienti dai suddetti Enti o da altre istituzioni non sono idonee e non potranno essere accettate.<\/p>\n<p>Non sono, invece, tenuti alla presentazione del titolo di conoscenza della lingua italiana:<\/p>\n<ul>\n<li>Gli stranieri (anche se residenti all\u2019estero) che abbiano sottoscritto l\u2019Accordo di integrazione di cui all\u2019art. 4 bis del D.Lgs. n. 286\/1998 Testo Unico Immigrazione.<\/li>\n<li>I titolari di permesso di soggiorno per soggiornanti di lungo periodo UE (o CE) di cui all\u2019articolo 9 del medesimo Testo Unico (anche se residenti all\u2019estero), solo se rilasciato dalle Autorit\u00e0 italiane. I permessi di soggiorno per motivi familiari o quelli emessi da altri Stati non sono idonei.<\/li>\n<li>Coloro che hanno conseguito un titolo di studio emesso da un istituto di istruzione pubblico o paritario riconosciuto dal Ministero dell\u2019Istruzione, dell\u2019Universit\u00e0 e della Ricerca e\/o dal Ministero degli Affari Esteri e della Cooperazione internazionale.<\/li>\n<li><strong>Ricevuta di avvenuto pagamento del contributo:<br \/>\n<\/strong><\/p>\n<ul>\n<li style=\"text-align: justify;\">di<strong> Euro 250<\/strong>\u00a0a favore del Ministero dell\u2019Interno, da pagare esclusivamente tramite PagoPa durante la compilazione della domanda oppure tramite bonifico sul conto corrente indicato dal Ministero dell\u2019Interno (ricevuta da inserire nella domanda online) con eventuali spese a carico di chi dispone il bonifico:<br \/>\n<strong>\u201cMinistero dell\u2019Interno D.L.C.I Cittadinanza\u201d<\/strong><br \/>\nNome della Banca: Poste Italiane S.p.A.<br \/>\nCodice IBAN: IT54D0760103200000000809020<br \/>\nCausale del versamento: Richiesta cittadinanza per matrimonio ex art. 5 L. 91\/1992 e nome e cognome del richiedente<br \/>\nCodice BIC\/SWIFT di Poste Italiane: BPPIITRRXXX (per bonifici esteri)<br \/>\nCodice BIC\/SWIFT: PIBPITRA (per operazioni del circuito EUROGIRO)<\/li>\n<\/ul>\n<\/li>\n<\/ul>\n","protected":false},"excerpt":{"rendered":"Estratto dell\u2019atto di nascita\u00a0o equivalente, in originale, rilasciato possibilmente da non oltre sei mesi dal Paese in cui si \u00e8 nati, completo di tutte le generalit\u00e0 (incluse paternit\u00e0 e maternit\u00e0) su formulario multilingue oppure debitamente tradotto in lingua italiana e legalizzato con apostille; \u201cAVIZ\u201d o qualsiasi atto di stato civile rilasciato dalle autorit\u00e0 moldave e [&hellip;]","protected":false},"author":4,"featured_media":0,"parent":2016,"menu_order":2,"comment_status":"closed","ping_status":"closed","template":"","meta":{"footnotes":""},"class_list":["post-2880","page","type-page","status-publish","hentry"],"_links":{"self":[{"href":"https:\/\/ambchisinau.esteri.it\/it\/wp-json\/wp\/v2\/pages\/2880","targetHints":{"allow":["GET"]}}],"collection":[{"href":"https:\/\/ambchisinau.esteri.it\/it\/wp-json\/wp\/v2\/pages"}],"about":[{"href":"https:\/\/ambchisinau.esteri.it\/it\/wp-json\/wp\/v2\/types\/page"}],"author":[{"embeddable":true,"href":"https:\/\/ambchisinau.esteri.it\/it\/wp-json\/wp\/v2\/users\/4"}],"replies":[{"embeddable":true,"href":"https:\/\/ambchisinau.esteri.it\/it\/wp-json\/wp\/v2\/comments?post=2880"}],"version-history":[{"count":2,"href":"https:\/\/ambchisinau.esteri.it\/it\/wp-json\/wp\/v2\/pages\/2880\/revisions"}],"predecessor-version":[{"id":2891,"href":"https:\/\/ambchisinau.esteri.it\/it\/wp-json\/wp\/v2\/pages\/2880\/revisions\/2891"}],"up":[{"embeddable":true,"href":"https:\/\/ambchisinau.esteri.it\/it\/wp-json\/wp\/v2\/pages\/2016"}],"wp:attachment":[{"href":"https:\/\/ambchisinau.esteri.it\/it\/wp-json\/wp\/v2\/media?parent=2880"}],"curies":[{"name":"wp","href":"https:\/\/api.w.org\/{rel}","templated":true}]}}