{"id":303,"date":"2023-10-30T14:32:17","date_gmt":"2023-10-30T12:32:17","guid":{"rendered":"https:\/\/ambchisinau.esteri.it\/?page_id=303"},"modified":"2023-10-30T14:41:16","modified_gmt":"2023-10-30T12:41:16","slug":"spid-per-residenti-allestero","status":"publish","type":"page","link":"https:\/\/ambchisinau.esteri.it\/it\/servizi-consolari-e-visti\/servizi-per-il-cittadino-italiano\/spid-per-residenti-allestero\/","title":{"rendered":"SPID per residenti all&#8217;estero"},"content":{"rendered":"<header class=\"entry-header\">\n<h5 class=\"entry-title h3\"><\/h5>\n<\/header>\n<div class=\"entry-content\">\n<div>\n<p>Il\u00a0 <strong>Sistema Pubblico di Identit\u00e0 Digitale (SPID) <\/strong>\u00e8 il principale strumento di identificazione online per il cittadino e per le imprese nei rapporti con la Pubblica Amministrazione compresi i siti degli Uffici consolari all&#8217;estero.<\/p>\n<p>L\u2019utilizzo dello SPID \u00e8 gratuito.<\/p>\n<p>Anche richiedere SPID \u00e8 gratuito, ma alcune forme di riconoscimento da parte degli operatori potrebbero essere a pagamento.<\/p>\n<p>SPID \u00e8 semplice: prenotazioni sanitarie, iscrizioni scolastiche, accesso alla rete Wi-Fi pubblica, pratiche d\u2019impresa ecc. sempre con le stesse credenziali.<\/p>\n<p>SPID \u00e8 sicuro: il sistema SPID assicura la piena protezione dei tuoi dati personali e non \u00e8 consentito alcun tipo di profilazione; la tua privacy \u00e8 garantita.<\/p>\n<p>SPID \u00e8 veloce: \u00e8 possibile accedere velocemente ai servizi online della Pubblica Amministrazione e dei soggetti privati aderenti ovunque ti trovi e da qualsiasi dispositivo.<\/p>\n<p>La Legge di conversione del Decreto Milleproroghe (D.L. n. 198 del 29 dicembre 2022) ha esteso fino al 31 dicembre 2025 il termine ultimo per rilasciare o rinnovare credenziali per l\u2019identificazione e l\u2019accesso dei cittadini ai propri servizi in rete, diverse da SPID, CIE e CNS. Viene inoltre prorogato al 31 marzo 2026 il termine per continuare a utilizzare le credenziali tradizionali rilasciate fino al 31 dicembre 2025.<\/p>\n<p>La proroga permetter\u00e0 a tutti gli utenti di continuare ad accedere, fino a tale data, al Portale Fast It con credenziali proprie, secondo le consuete modalit\u00e0 e senza necessit\u00e0 di impiegare lo SPID o la Carta d\u2019identit\u00e0 elettronica.<\/p>\n<p>Si rinnova tuttavia l\u2019invito a richiedere lo SPID per tempo poich\u00e9 diverr\u00e0 in futuro l\u2019unico canale di accesso ai servizi informatici della Sedi consolari e della Pubblica Amministrazione in Italia.<\/p>\n<\/div>\n<p>Come richiedere SPID, come attivarlo, dove si pu\u00f2 usare, nonch\u00e9 altre informazioni utili sono reperibili:<\/p>\n<p>\u2013 sulla pagina del Ministero degli Affari Esteri dedicata a <a href=\"https:\/\/www.esteri.it\/it\/servizi-consolari-e-visti\/italiani-all-estero\/spid\/\" target=\"_blank\" rel=\"noopener\"><strong>SPID<\/strong><\/a><\/p>\n<p>\u2013 sulle <a href=\"https:\/\/www.spid.gov.it\/domande-frequenti\/?lang=it\" target=\"_blank\" rel=\"noopener\"><strong>FAQ -Domande Frequenti<\/strong><\/a> del sito istituzionale dell\u2019Agenzia dell\u2019Italia Digitale.<\/p>\n<\/div>\n","protected":false},"excerpt":{"rendered":"Il\u00a0 Sistema Pubblico di Identit\u00e0 Digitale (SPID) \u00e8 il principale strumento di identificazione online per il cittadino e per le imprese nei rapporti con la Pubblica Amministrazione compresi i siti degli Uffici consolari all&#8217;estero. L\u2019utilizzo dello SPID \u00e8 gratuito. Anche richiedere SPID \u00e8 gratuito, ma alcune forme di riconoscimento da parte degli operatori potrebbero essere [&hellip;]","protected":false},"author":4,"featured_media":0,"parent":47,"menu_order":0,"comment_status":"closed","ping_status":"closed","template":"","meta":{"footnotes":""},"class_list":["post-303","page","type-page","status-publish","hentry"],"_links":{"self":[{"href":"https:\/\/ambchisinau.esteri.it\/it\/wp-json\/wp\/v2\/pages\/303","targetHints":{"allow":["GET"]}}],"collection":[{"href":"https:\/\/ambchisinau.esteri.it\/it\/wp-json\/wp\/v2\/pages"}],"about":[{"href":"https:\/\/ambchisinau.esteri.it\/it\/wp-json\/wp\/v2\/types\/page"}],"author":[{"embeddable":true,"href":"https:\/\/ambchisinau.esteri.it\/it\/wp-json\/wp\/v2\/users\/4"}],"replies":[{"embeddable":true,"href":"https:\/\/ambchisinau.esteri.it\/it\/wp-json\/wp\/v2\/comments?post=303"}],"version-history":[{"count":5,"href":"https:\/\/ambchisinau.esteri.it\/it\/wp-json\/wp\/v2\/pages\/303\/revisions"}],"predecessor-version":[{"id":309,"href":"https:\/\/ambchisinau.esteri.it\/it\/wp-json\/wp\/v2\/pages\/303\/revisions\/309"}],"up":[{"embeddable":true,"href":"https:\/\/ambchisinau.esteri.it\/it\/wp-json\/wp\/v2\/pages\/47"}],"wp:attachment":[{"href":"https:\/\/ambchisinau.esteri.it\/it\/wp-json\/wp\/v2\/media?parent=303"}],"curies":[{"name":"wp","href":"https:\/\/api.w.org\/{rel}","templated":true}]}}