{"id":3298,"date":"2026-03-16T15:29:38","date_gmt":"2026-03-16T13:29:38","guid":{"rendered":"https:\/\/ambchisinau.esteri.it\/?page_id=3298"},"modified":"2026-03-16T17:01:51","modified_gmt":"2026-03-16T15:01:51","slug":"matrimonio","status":"publish","type":"page","link":"https:\/\/ambchisinau.esteri.it\/it\/servizi-consolari-e-visti\/servizi-per-il-cittadino-italiano\/stato-civile\/matrimonio\/","title":{"rendered":"Matrimonio"},"content":{"rendered":"<div>\n<div>Per ottenere il\u00a0<em><strong>Certificato di Capacit\u00e0 Matrimoniale <\/strong><\/em>(cosiddetto <em><strong>Nulla Osta al Matrimonio<\/strong><\/em>)<em><strong>,<\/strong><\/em><em>\u00a0<\/em>l&#8217;interessato dovr\u00e0 presentarsi personalmente presso l&#8217;Ufficio consolare di questa Ambasciata munito della seguente documentazione:<\/div>\n<div><\/div>\n<div>a) documento d&#8217;identit\u00e0 in corso di validit\u00e0 con fotografia (passaporto o carda d&#8217;identit\u00e0);<\/div>\n<div>b) fotocopia del documento d&#8217;identit\u00e0 del\/la sposo\/a;<\/div>\n<div>c) estratto integrale dei Registri degli atti di nascita (da richiedere presso il Comune di nascita in Italia);<\/div>\n<div>d) <a href=\"https:\/\/ambchisinau.esteri.it\/wp-content\/uploads\/2025\/11\/Richiesta-NO-matrimonio.pdf\">modulo di richiesta del certificato di capacit\u00e0 matrimoniale<\/a>, fornito dall&#8217;Ufficio consolare.<\/div>\n<\/div>\n","protected":false},"excerpt":{"rendered":"Per ottenere il\u00a0Certificato di Capacit\u00e0 Matrimoniale (cosiddetto Nulla Osta al Matrimonio),\u00a0l&#8217;interessato dovr\u00e0 presentarsi personalmente presso l&#8217;Ufficio consolare di questa Ambasciata munito della seguente documentazione: a) documento d&#8217;identit\u00e0 in corso di validit\u00e0 con fotografia (passaporto o carda d&#8217;identit\u00e0); b) fotocopia del documento d&#8217;identit\u00e0 del\/la sposo\/a; c) estratto integrale dei Registri degli atti di nascita (da richiedere [&hellip;]","protected":false},"author":4,"featured_media":0,"parent":68,"menu_order":0,"comment_status":"closed","ping_status":"closed","template":"","meta":{"footnotes":""},"class_list":["post-3298","page","type-page","status-publish","hentry"],"_links":{"self":[{"href":"https:\/\/ambchisinau.esteri.it\/it\/wp-json\/wp\/v2\/pages\/3298","targetHints":{"allow":["GET"]}}],"collection":[{"href":"https:\/\/ambchisinau.esteri.it\/it\/wp-json\/wp\/v2\/pages"}],"about":[{"href":"https:\/\/ambchisinau.esteri.it\/it\/wp-json\/wp\/v2\/types\/page"}],"author":[{"embeddable":true,"href":"https:\/\/ambchisinau.esteri.it\/it\/wp-json\/wp\/v2\/users\/4"}],"replies":[{"embeddable":true,"href":"https:\/\/ambchisinau.esteri.it\/it\/wp-json\/wp\/v2\/comments?post=3298"}],"version-history":[{"count":6,"href":"https:\/\/ambchisinau.esteri.it\/it\/wp-json\/wp\/v2\/pages\/3298\/revisions"}],"predecessor-version":[{"id":3311,"href":"https:\/\/ambchisinau.esteri.it\/it\/wp-json\/wp\/v2\/pages\/3298\/revisions\/3311"}],"up":[{"embeddable":true,"href":"https:\/\/ambchisinau.esteri.it\/it\/wp-json\/wp\/v2\/pages\/68"}],"wp:attachment":[{"href":"https:\/\/ambchisinau.esteri.it\/it\/wp-json\/wp\/v2\/media?parent=3298"}],"curies":[{"name":"wp","href":"https:\/\/api.w.org\/{rel}","templated":true}]}}