{"id":42,"date":"2023-04-11T18:08:31","date_gmt":"2023-04-11T16:08:31","guid":{"rendered":"https:\/\/ambasciatapraga.esteri.it\/?page_id=42"},"modified":"2023-10-26T15:31:02","modified_gmt":"2023-10-26T13:31:02","slug":"la-rete-consolare","status":"publish","type":"page","link":"https:\/\/ambchisinau.esteri.it\/it\/chi-siamo\/la-rete-consolare\/","title":{"rendered":"La Rete Consolare"},"content":{"rendered":"<p><strong>Ambasciata d&#8217;Italia a Chi\u015fin\u0103u<\/strong><br \/>\nStr. Vlaicu P\u00e2rc\u0103lab, 63<br \/>\nMD-2012, Chi\u015fin\u0103u<\/p>\n<p>Tel.: +373 22 266720 (Centralino)<br \/>\nFax: +373 22 243088<\/p>\n<p>Si rammenta che il fuso orario di Chisinau \u00e8 di <strong>+ 1 ora<\/strong> rispetto al fuso di Roma.<\/p>\n<p>Indirizzi e-mail:<\/p>\n<ul>\n<li>generale: <a href=\"mailto:amb.chisinau@esteri.it\">amb.chisinau@esteri.it<\/a><\/li>\n<li>segreteria: <a href=\"mailto:chisinau.consolare@esteri.it\">chisinau.segreteria@esteri.it<\/a><\/li>\n<li>Servizi Consolari (passaporti, Dichiarazioni di valore, iscrizione all&#8217;AIRE): <a href=\"mailto:chisinau.consolare@esteri.it\">chisinau.consolare@esteri.it<\/a><\/li>\n<li>Ufficio Visti: <a href=\"mailto:chisinau.visti@esteri.it\">chisinau.visti@esteri.it<\/a>\u00a0(Per i visti)<\/li>\n<li>PEC: <a href=\"mailto:amb.chisinau@cert.esteri.it\">amb.chisinau@cert.esteri.it<\/a><\/li>\n<\/ul>\n<p><strong>Assistenza alle imprese italiane all&#8217;estero<\/strong> &#8211; Portale NEXUS: Per richieste di assistenza alle imprese italiane\u00a0<a href=\"https:\/\/nexus.esteri.it\/\">clicca qui<\/a><\/p>\n","protected":false},"excerpt":{"rendered":"Ambasciata d&#8217;Italia a Chi\u015fin\u0103u Str. Vlaicu P\u00e2rc\u0103lab, 63 MD-2012, Chi\u015fin\u0103u Tel.: +373 22 266720 (Centralino) Fax: +373 22 243088 Si rammenta che il fuso orario di Chisinau \u00e8 di + 1 ora rispetto al fuso di Roma. Indirizzi e-mail: generale: amb.chisinau@esteri.it segreteria: chisinau.segreteria@esteri.it Servizi Consolari (passaporti, Dichiarazioni di valore, iscrizione all&#8217;AIRE): chisinau.consolare@esteri.it Ufficio Visti: chisinau.visti@esteri.it\u00a0(Per [&hellip;]","protected":false},"author":1,"featured_media":0,"parent":13,"menu_order":8,"comment_status":"closed","ping_status":"closed","template":"","meta":{"footnotes":""},"class_list":["post-42","page","type-page","status-publish","hentry"],"_links":{"self":[{"href":"https:\/\/ambchisinau.esteri.it\/it\/wp-json\/wp\/v2\/pages\/42","targetHints":{"allow":["GET"]}}],"collection":[{"href":"https:\/\/ambchisinau.esteri.it\/it\/wp-json\/wp\/v2\/pages"}],"about":[{"href":"https:\/\/ambchisinau.esteri.it\/it\/wp-json\/wp\/v2\/types\/page"}],"author":[{"embeddable":true,"href":"https:\/\/ambchisinau.esteri.it\/it\/wp-json\/wp\/v2\/users\/1"}],"replies":[{"embeddable":true,"href":"https:\/\/ambchisinau.esteri.it\/it\/wp-json\/wp\/v2\/comments?post=42"}],"version-history":[{"count":5,"href":"https:\/\/ambchisinau.esteri.it\/it\/wp-json\/wp\/v2\/pages\/42\/revisions"}],"predecessor-version":[{"id":265,"href":"https:\/\/ambchisinau.esteri.it\/it\/wp-json\/wp\/v2\/pages\/42\/revisions\/265"}],"up":[{"embeddable":true,"href":"https:\/\/ambchisinau.esteri.it\/it\/wp-json\/wp\/v2\/pages\/13"}],"wp:attachment":[{"href":"https:\/\/ambchisinau.esteri.it\/it\/wp-json\/wp\/v2\/media?parent=42"}],"curies":[{"name":"wp","href":"https:\/\/api.w.org\/{rel}","templated":true}]}}