{"id":74,"date":"2023-04-11T18:20:09","date_gmt":"2023-04-11T16:20:09","guid":{"rendered":"https:\/\/ambasciatapraga.esteri.it\/?page_id=74"},"modified":"2025-11-24T16:45:14","modified_gmt":"2025-11-24T14:45:14","slug":"autoveicoli-e-patenti-di-guida","status":"publish","type":"page","link":"https:\/\/ambchisinau.esteri.it\/it\/servizi-consolari-e-visti\/servizi-per-il-cittadino-italiano\/autoveicoli-e-patenti-di-guida\/","title":{"rendered":"Autoveicoli e Patenti di guida"},"content":{"rendered":"<p style=\"text-align: justify;\"><span style=\"text-decoration: underline;\"><strong>Autoveicoli<\/strong><\/span><\/p>\n<p style=\"text-align: justify;\">A partire dal <strong>1\u00b0 Aprile 2021<\/strong> le richieste di radiazione per esportazione del veicolo dovranno essere presentate all\u2019Archivio Nazionale dei Veicoli e dal Pubblico Registro Automobilistico direttamente agli uffici di competenza in Italia, prima dell\u2019esportazione.<\/p>\n<p style=\"text-align: justify;\">Per informazioni dettagliate sulla procedura si prega di consultare il seguenti siti: <a href=\"http:\/\/www.aci.it\/i-servizi\/guide-utili\/guida-pratiche-auto\/esportazione.html\">www.aci.it<\/a>\u00a0e <a href=\"https:\/\/www.mit.gov.it\/comunicazione\/news\/nuove-procedure-per-esportazione-veicoli-immatricolati-italia\">Ministero delle infrastrutture e dei trasporti.<\/a><\/p>\n<p><span style=\"text-decoration: underline;\"><strong><br \/>\nPatenti di guida<\/strong><\/span><\/p>\n<p><strong>Per guidare all\u2019estero i cittadini italiani sono soggetti a regole differenti a seconda che si rechino, per periodi di breve soggiorno o per stabilirvi la propria residenza in Paesi appartenenti all\u2019Unione Europea<\/strong>\u00a0o allo Spazio economico europeo (SEE),\u00a0<strong>in<\/strong>\u00a0Paesi extra-UE firmatari di accordi di reciprocit\u00e0 con l\u2019Italia in materia di conversione di patenti di guida oppure in Paesi extra UE non firmatari di tali accordi.<\/p>\n<p><strong>Tra l&#8217;Italia e la Repubblica di Moldova \u00e8 in vigore un <a href=\"https:\/\/itra.esteri.it\/Search\/Allegati\/54423\">Accordo sul reciproco riconoscimento delle patenti di guida ai fini della conversione<\/a>.<\/strong><\/p>\n<p style=\"text-align: justify;\">I titolari di<strong> patente italiana<\/strong> residenti o dimoranti per un periodo di<strong> almeno 6 mesi in Paesi extra UE<\/strong> possono soltanto ottenere presso le competenti Autorit\u00e0 diplomatico-consolari italiane la conferma della validit\u00e0 della loro patente italiana, scaduta da <strong>non pi\u00f9 di tre anni<\/strong> e non rientrante nei <strong>casi previsti all\u2019art. 119, commi 2-bis e 4 del Codice della Strada<\/strong> (<em>patenti di conducenti affetti da diabete o la cui idoneit\u00e0 psicofisica deve essere certificata da apposite commissioni mediche<\/em>). Gli interessati dovranno effettuare la prevista visita medica per l\u2019accertamento dei requisiti psichici e fisici, dopo di che la Rappresentanza diplomatico-consolare rilascer\u00e0 apposita attestazione di rinnovo.<\/p>\n<p style=\"text-align: justify;\">Il rinnovo effettuato presso una Rappresentanza diplomatica o consolare \u00e8 <strong>valido<\/strong> per <strong>circolare sia in Italia che all\u2019estero<\/strong>.<br \/>\nUna volta riacquisita la residenza o la dimora in Italia, <strong>la patente di guida dovr\u00e0 essere confermata dal competente ufficio centrale del Dipartimento per i trasporti<\/strong>, la navigazione ed i sistemi informativi e statistici.<\/p>\n<p>Si informa che l\u2019Ufficio Consolare <span style=\"text-decoration: underline;\"><strong>non<\/strong><\/span> pu\u00f2 rilasciare attestazioni riguardanti le patenti di guida italiane.<\/p>\n<p>Il titolare del documento dovr\u00e0 presentare apposita istanza a qualunque Ufficio della Motorizzazione in Italia per ottenere l\u2019attestato.<br \/>\nPer ulteriori informazioni sulla guida con patente italiana all\u2019estero, si prega di consultare \u00a0<a href=\"https:\/\/www.esteri.it\/mae\/it\/servizi\/italiani-all-estero\/autoveicoli_e_patenti\/\">la pagina informativa del sito del Ministero degli Affari Esteri<\/a>.<\/p>\n<p><strong>N.B.<\/strong>\u00a0Le patenti di guida internazionali sono richiedibili esclusivamente in Italia, presso gli uffici competenti.<\/p>\n<p>Per maggiori informazioni si prega di inviare mail a <a href=\"mailto:chisinau.consolare@esteri.it%0d\">chisinau.consolare@esteri.it.<\/a><\/p>\n<p>&nbsp;<\/p>\n","protected":false},"excerpt":{"rendered":"Autoveicoli A partire dal 1\u00b0 Aprile 2021 le richieste di radiazione per esportazione del veicolo dovranno essere presentate all\u2019Archivio Nazionale dei Veicoli e dal Pubblico Registro Automobilistico direttamente agli uffici di competenza in Italia, prima dell\u2019esportazione. Per informazioni dettagliate sulla procedura si prega di consultare il seguenti siti: www.aci.it\u00a0e Ministero delle infrastrutture e dei trasporti. [&hellip;]","protected":false},"author":1,"featured_media":0,"parent":47,"menu_order":16,"comment_status":"closed","ping_status":"closed","template":"","meta":{"footnotes":""},"class_list":["post-74","page","type-page","status-publish","hentry"],"_links":{"self":[{"href":"https:\/\/ambchisinau.esteri.it\/it\/wp-json\/wp\/v2\/pages\/74","targetHints":{"allow":["GET"]}}],"collection":[{"href":"https:\/\/ambchisinau.esteri.it\/it\/wp-json\/wp\/v2\/pages"}],"about":[{"href":"https:\/\/ambchisinau.esteri.it\/it\/wp-json\/wp\/v2\/types\/page"}],"author":[{"embeddable":true,"href":"https:\/\/ambchisinau.esteri.it\/it\/wp-json\/wp\/v2\/users\/1"}],"replies":[{"embeddable":true,"href":"https:\/\/ambchisinau.esteri.it\/it\/wp-json\/wp\/v2\/comments?post=74"}],"version-history":[{"count":5,"href":"https:\/\/ambchisinau.esteri.it\/it\/wp-json\/wp\/v2\/pages\/74\/revisions"}],"predecessor-version":[{"id":2527,"href":"https:\/\/ambchisinau.esteri.it\/it\/wp-json\/wp\/v2\/pages\/74\/revisions\/2527"}],"up":[{"embeddable":true,"href":"https:\/\/ambchisinau.esteri.it\/it\/wp-json\/wp\/v2\/pages\/47"}],"wp:attachment":[{"href":"https:\/\/ambchisinau.esteri.it\/it\/wp-json\/wp\/v2\/media?parent=74"}],"curies":[{"name":"wp","href":"https:\/\/api.w.org\/{rel}","templated":true}]}}