{"id":135,"date":"2023-04-11T18:08:31","date_gmt":"2023-04-11T16:08:31","guid":{"rendered":"https:\/\/ambchisinau.esteri.it\/chi-siamo\/la-rete-consolare\/"},"modified":"2023-10-26T15:34:04","modified_gmt":"2023-10-26T13:34:04","slug":"la-rete-consolare","status":"publish","type":"page","link":"https:\/\/ambchisinau.esteri.it\/ro\/chi-siamo\/la-rete-consolare\/","title":{"rendered":"Re\u021beaua Consular\u0103"},"content":{"rendered":"<p><strong>Ambasada Italiei la Chi\u015fin\u0103u<\/strong><br \/>\nStr. Vlaicu P\u00e2rc\u0103lab, 63<br \/>\nMD-2012, Chi\u015fin\u0103u<\/p>\n<p>Tel.: +373 22 266720 (centrala)<br \/>\nFax: +373 22 243088<\/p>\n<p>V\u0103 amintim c\u0103 \u00een Chi\u0219in\u0103u fusul orar este <strong>+1<\/strong> or\u0103 fa\u021b\u0103 de fusul orar din Roma.<\/p>\n<p>Adrese e-mail:<\/p>\n<ul>\n<li>general\u0103: <a href=\"mailto:amb.chisinau@esteri.it\">amb.chisinau@esteri.it<\/a><\/li>\n<li>secretariat: <a href=\"mailto:chisinau.consolare@esteri.it\">chisinau.segreteria@esteri.it<\/a><\/li>\n<li>Servicii Consulare (Pa\u0219apoarte, Declara\u021bii de Valoare, \u00eenscrieri \u00een AIRE etc): <a href=\"mailto:chisinau.consolare@esteri.it\">chisinau.consolare@esteri.it<\/a><\/li>\n<li>Biroul Vize: <a href=\"mailto:chisinau.visti@esteri.it\">chisinau.visti@esteri.it<\/a><\/li>\n<li>Po\u0219ta Electronic\u0103 Certificat\u0103 PEC: <a href=\"mailto:amb.chisinau@cert.esteri.it\">amb.chisinau@cert.esteri.it<\/a><\/li>\n<\/ul>\n","protected":false},"excerpt":{"rendered":"Ambasada Italiei la Chi\u015fin\u0103u Str. Vlaicu P\u00e2rc\u0103lab, 63 MD-2012, Chi\u015fin\u0103u Tel.: +373 22 266720 (centrala) Fax: +373 22 243088 V\u0103 amintim c\u0103 \u00een Chi\u0219in\u0103u fusul orar este +1 or\u0103 fa\u021b\u0103 de fusul orar din Roma. Adrese e-mail: general\u0103: amb.chisinau@esteri.it secretariat: chisinau.segreteria@esteri.it Servicii Consulare (Pa\u0219apoarte, Declara\u021bii de Valoare, \u00eenscrieri \u00een AIRE etc): chisinau.consolare@esteri.it Biroul Vize: chisinau.visti@esteri.it [&hellip;]","protected":false},"author":1,"featured_media":0,"parent":124,"menu_order":8,"comment_status":"closed","ping_status":"closed","template":"","meta":{"footnotes":""},"class_list":["post-135","page","type-page","status-publish","hentry"],"_links":{"self":[{"href":"https:\/\/ambchisinau.esteri.it\/ro\/wp-json\/wp\/v2\/pages\/135","targetHints":{"allow":["GET"]}}],"collection":[{"href":"https:\/\/ambchisinau.esteri.it\/ro\/wp-json\/wp\/v2\/pages"}],"about":[{"href":"https:\/\/ambchisinau.esteri.it\/ro\/wp-json\/wp\/v2\/types\/page"}],"author":[{"embeddable":true,"href":"https:\/\/ambchisinau.esteri.it\/ro\/wp-json\/wp\/v2\/users\/1"}],"replies":[{"embeddable":true,"href":"https:\/\/ambchisinau.esteri.it\/ro\/wp-json\/wp\/v2\/comments?post=135"}],"version-history":[{"count":4,"href":"https:\/\/ambchisinau.esteri.it\/ro\/wp-json\/wp\/v2\/pages\/135\/revisions"}],"predecessor-version":[{"id":267,"href":"https:\/\/ambchisinau.esteri.it\/ro\/wp-json\/wp\/v2\/pages\/135\/revisions\/267"}],"up":[{"embeddable":true,"href":"https:\/\/ambchisinau.esteri.it\/ro\/wp-json\/wp\/v2\/pages\/124"}],"wp:attachment":[{"href":"https:\/\/ambchisinau.esteri.it\/ro\/wp-json\/wp\/v2\/media?parent=135"}],"curies":[{"name":"wp","href":"https:\/\/api.w.org\/{rel}","templated":true}]}}