{"id":148,"date":"2023-04-11T17:08:57","date_gmt":"2023-04-11T15:08:57","guid":{"rendered":"https:\/\/ambchisinau.esteri.it\/servizi-consolari-e-visti\/"},"modified":"2025-12-02T12:52:13","modified_gmt":"2025-12-02T10:52:13","slug":"servizi-consolari-e-visti","status":"publish","type":"page","link":"https:\/\/ambchisinau.esteri.it\/ro\/servizi-consolari-e-visti\/","title":{"rendered":"Servicii Consulare \u0219i Vize"},"content":{"rendered":"<p><strong>Bine ai venit \u00een sec\u021biunea dedicat\u0103 serviciilor consulare!\u00a0<\/strong><\/p>\n<p><strong>Toate serviciile consulare sunt acordate de Ambasada Italiei la Chi\u0219in\u0103u.<\/strong><\/p>\n<p>Pentru a facilita navigarea pe site, am \u00eemp\u0103r\u021bit serviciile oferite de aceast\u0103 Ambasad\u0103 \u00een dou\u0103 categorii: cele oferite pentru\u00a0<a href=\"https:\/\/ambchisinau.esteri.it\/ro\/servizi-consolari-e-visti\/servizi-per-il-cittadino-italiano\/\">cet\u0103\u021beni italieni<\/a> \u0219i cele oferite pentru <a href=\"https:\/\/ambchisinau.esteri.it\/ro\/servizi-consolari-e-visti\/servizi-per-il-cittadino-straniero\/\">cet\u0103\u021beni str\u0103ini<\/a>.<\/p>\n<p>Fiecare sec\u021biune con\u021bine informa\u021bii utile pentru solicitarea serviciilor specifice.<\/p>\n<p>Modalitatea de acces la serviciile consulare ale Ambasadei Italiei:<\/p>\n<ul>\n<li>Serviciul direct de informare (gratuit):<br \/>\nPublicul are acces liber la sediul oficiului consular (parter, intrarea extern\u0103 lateral\u0103, sala de a\u0219teptare), unde poate primi informa\u021bii, ridica formularele necesare pentru prezentarea cererilor de vize sau pentru solicitarea declara\u021biei de valoare, precum \u0219i lista actelor necesare pentru aceste scopuri;<\/li>\n<li>Serviciul de informare prin telefon (gratuit):<br \/>\nPublicul poate contacta gratuit num\u0103rul de telefon +373 22 266720 pentru a primi informa\u021bii privind serviciile consulare. Urma\u021bi instruc\u021biunile robotului telefonic pentru a alege exact extensia dorit\u0103;<\/li>\n<li>Serviciul de informare prin po\u0219ta electronic\u0103 (gratuit)<br \/>\n&#8211; pentru informa\u021bii privind serviciile consulare, scrie\u021bi la adresa de e-mail: <a href=\"mailto:chisinau.consolare@esteri.it\">chisinau.consolare@esteri.it<\/a>;<br \/>\n&#8211; pentru informa\u021bii privind vizele de intrare \u00een Italia, scrie\u021bi la adresa de e-mail: <a href=\"mailto:chisinau.visti@esteri.it;\">chisinau.visti@esteri.it;<\/a><br \/>\n&#8211; adresa de po\u0219t\u0103 electronic\u0103 certificat\u0103 a Ambasadei este:\u00a0<a href=\"mailto:amb.chisinau@cert.esteri.it\">amb.chisinau@cert.esteri.it<\/a>.<\/li>\n<li>Serviciul de informare direct la ghi\u0219eu (gratuit):<br \/>\nCererea de viz\u0103 poate fi prezentat\u0103 direct la ghi\u0219eele sec\u021biei consulare \u00een timpul programului de lucru, f\u0103r\u0103 necesitatea unei program\u0103ri prealabile.<br \/>\n\u00cen zilele urm\u0103toare depunerii cererii de viz\u0103, actele vor fi evaluate \u0219i verificate \u00een termenii prev\u0103zu\u021bi de Acordul de facilitare a vizelor dintre Uniunea European\u0103 \u0219i Moldova.<\/li>\n<\/ul>\n<p><strong>Tarifele pentru principalele servicii consulare \/ vize:\u00a0\u00a0<\/strong><\/p>\n<ul>\n<li>Viza Schengen C cu durata de p\u00e2n\u0103 la 90 de zile:<br \/>\n<span style=\"font-size: medium;\">&#8211; <b><strong>\u20ac <\/strong>90,00<br \/>\n<\/b><\/span>&#8211; pentru solicitan\u021bii cu v\u00e2rsta \u00eentre 6 \u0219i 12 ani: <b><strong>\u20ac <\/strong>45,00<\/b><br \/>\n&#8211; pentru solicitan\u021bii de viz\u0103 cu v\u00e2rsta de p\u00e2n\u0103 la 6 ani (\u0219ase):<b> gratis\u00a0\u00a0<\/b><\/li>\n<li>Viza na\u021bional\u0103 de tip D (de lung\u0103 durat\u0103)<br \/>\n<span style=\"font-size: medium;\">&#8211; <b><strong>\u20ac <\/strong>116,00<br \/>\n<\/b><\/span><span style=\"font-size: medium;\">&#8211; viz\u0103 pentru studii: <b><strong>\u20ac <\/strong>50,00\u00a0\u00a0<\/b><\/span><\/li>\n<\/ul>\n<p><span style=\"text-decoration: underline;\">Alte servicii consulare:<\/span><\/p>\n<ul>\n<li>Eliberare Carte de Identitate Electronic\u0103 (CIE): <strong>\u20ac <\/strong><strong>21,95\u00a0<\/strong><\/li>\n<li>Eliberare duplicat Carte de Identitate Electronic\u0103: <strong>\u20ac <\/strong><strong>27,11<\/strong><\/li>\n<li>Eliberare pa\u0219aport electronic ordinar <em>(inclusiv taxa administrativ\u0103)<\/em>: <strong>\u20ac <\/strong><strong>116,20<\/strong><\/li>\n<li>Eliberare pa\u0219aport temporar: <strong>\u20ac <\/strong><strong>5,20<\/strong><\/li>\n<li>Eliberare pa\u0219aport mortuar: <strong>\u20ac 50<\/strong><strong>,00<\/strong><\/li>\n<li>Eliberare titlu provizoriu de c\u0103l\u0103torie\u00a0 (<em>ETD &#8211; Emergency Travel Document<\/em>):\u00a0<strong>\u20ac <\/strong><strong>1,55<\/strong><\/li>\n<li>Autentificarea semn\u0103turii: <strong>\u20ac 20<\/strong><strong>,00<\/strong><\/li>\n<li>Declara\u021bie de valoare: <strong>\u20ac 50<\/strong><strong>,00<\/strong><\/li>\n<li>Act de renun\u021bare la cet\u0103\u021benia italian\u0103: <strong>\u20ac 50<\/strong><strong>,00<\/strong><\/li>\n<li>Certificat de cet\u0103\u021benie: <strong>\u20ac <\/strong><strong>11,00<\/strong><\/li>\n<li>Certificat de capacitate matrimonial\u0103 (<em>Nulla Osta al matrimonio<\/em>): <strong>\u20ac <\/strong><strong>6,00<\/strong><\/li>\n<li>Tax\u0103 administrativ\u0103 pentru procesarea cererii de recunoa\u0219tere a cet\u0103\u021beniei italiene pentru persoan\u0103 major\u0103 (<em>iure sanguinis<\/em>):\u00a0<strong>\u20ac 6<\/strong><strong>00,00<\/strong><\/li>\n<li>Certificat de existen\u021b\u0103 \u00een via\u021b\u0103: <strong>gratuit.<\/strong><\/li>\n<\/ul>\n<p>Plata pentru serviciile consulare men\u021bionate mai sus se va efectua la orice filial\u0103 a b\u0103ncii comerciale<b> Eximbank S.A. <\/b>numai dup\u0103 prezentare documenta\u021biei necesare la ghi\u0219eele Biroului Consulare, care va elibera solicitan\u021bilor o fi\u0219\u0103 informativ\u0103 pentru efectuarea pl\u0103\u021bii. Chitan\u021ba ce confirm\u0103 plata urmeaz\u0103 a fi prezentat\u0103 la ghi\u0219eele Biroului Consular pentru a ob\u021bine serviciul solicitat. V\u0103 rug\u0103m s\u0103 acorda\u021bi maxim\u0103 aten\u021bie corectitudinii detaliilor de plat\u0103, deoarece aceast\u0103 Ambasad\u0103 nu poate garanta rambursarea \u00een cazul pl\u0103\u021bilor gre\u0219ite.<\/p>\n<p>Oficiul Consular al acestei Ambasade <span style=\"text-decoration: underline;\"><strong>nu<\/strong><\/span> accept\u0103 pl\u0103\u021bile \u00een numerar.<\/p>\n","protected":false},"excerpt":{"rendered":"Bine ai venit \u00een sec\u021biunea dedicat\u0103 serviciilor consulare!\u00a0 Toate serviciile consulare sunt acordate de Ambasada Italiei la Chi\u0219in\u0103u. Pentru a facilita navigarea pe site, am \u00eemp\u0103r\u021bit serviciile oferite de aceast\u0103 Ambasad\u0103 \u00een dou\u0103 categorii: cele oferite pentru\u00a0cet\u0103\u021beni italieni \u0219i cele oferite pentru cet\u0103\u021beni str\u0103ini. Fiecare sec\u021biune con\u021bine informa\u021bii utile pentru solicitarea serviciilor specifice. Modalitatea de [&hellip;]","protected":false},"author":1,"featured_media":0,"parent":0,"menu_order":6,"comment_status":"closed","ping_status":"closed","template":"","meta":{"footnotes":""},"class_list":["post-148","page","type-page","status-publish","hentry"],"_links":{"self":[{"href":"https:\/\/ambchisinau.esteri.it\/ro\/wp-json\/wp\/v2\/pages\/148","targetHints":{"allow":["GET"]}}],"collection":[{"href":"https:\/\/ambchisinau.esteri.it\/ro\/wp-json\/wp\/v2\/pages"}],"about":[{"href":"https:\/\/ambchisinau.esteri.it\/ro\/wp-json\/wp\/v2\/types\/page"}],"author":[{"embeddable":true,"href":"https:\/\/ambchisinau.esteri.it\/ro\/wp-json\/wp\/v2\/users\/1"}],"replies":[{"embeddable":true,"href":"https:\/\/ambchisinau.esteri.it\/ro\/wp-json\/wp\/v2\/comments?post=148"}],"version-history":[{"count":6,"href":"https:\/\/ambchisinau.esteri.it\/ro\/wp-json\/wp\/v2\/pages\/148\/revisions"}],"predecessor-version":[{"id":2707,"href":"https:\/\/ambchisinau.esteri.it\/ro\/wp-json\/wp\/v2\/pages\/148\/revisions\/2707"}],"wp:attachment":[{"href":"https:\/\/ambchisinau.esteri.it\/ro\/wp-json\/wp\/v2\/media?parent=148"}],"curies":[{"name":"wp","href":"https:\/\/api.w.org\/{rel}","templated":true}]}}