{"id":151,"date":"2023-04-11T18:17:44","date_gmt":"2023-04-11T16:17:44","guid":{"rendered":"https:\/\/ambchisinau.esteri.it\/servizi-consolari-e-visti\/servizi-per-il-cittadino-italiano\/emergency-travel-documents-etd\/"},"modified":"2024-01-18T14:53:04","modified_gmt":"2024-01-18T12:53:04","slug":"emergency-travel-documents-etd","status":"publish","type":"page","link":"https:\/\/ambchisinau.esteri.it\/ro\/servizi-consolari-e-visti\/servizi-per-il-cittadino-italiano\/passaporti-e-carte-didentita\/emergency-travel-documents-etd\/","title":{"rendered":"Document de c\u0103l\u0103torie provizoriu (doar pentru cet\u0103\u021beni italieni)"},"content":{"rendered":"<div style=\"text-align: justify;\"><strong>Documento di viaggio provvisorio &#8211; E.T.D. (<em>Emergency Travel Document<\/em>)<br \/>\n<\/strong><br \/>\nQualora il cittadino italiano si trovi in una situazione di emergenza (ad esempio un turista in transito che deve ripartire ed ha smarrito o \u00e8 stato derubato del proprio passaporto) e non si faccia in tempo ad esperire la necessaria istruttoria per l&#8217;emissione di un nuovo passaporto, la Rappresentanza diplomatica-consolare rilascia un documento provvisorio di viaggio &#8211; <strong>chiamato anche E.T.D. <em>(Emergency Travel Document) <\/em><\/strong>con validit\u00e0 per il solo viaggio di rientro in Italia, nel Paese di stabile residenza all&#8217;estero o, in casi eccezionali, per una diversa destinazione.Le condizioni di rilascio dell&#8217;E.T.D. sono riportate al seguente link: <strong><a href=\"http:\/\/www.esteri.it\/MAE\/IT\/Italiani_nel_Mondo\/ServiziConsolari\/Documenti_di_Viaggio\/ETD.htm\">MAECI &gt; Servizi Consolari &gt; Servizi agli Italiani all&#8217;estero &gt; Documenti di Viaggio &gt; ETD<\/a><\/strong><\/div>\n<div><\/div>\n<div><\/div>\n<div><\/div>\n<div><\/div>\n","protected":false},"excerpt":{"rendered":"Documento di viaggio provvisorio &#8211; E.T.D. (Emergency Travel Document) Qualora il cittadino italiano si trovi in una situazione di emergenza (ad esempio un turista in transito che deve ripartire ed ha smarrito o \u00e8 stato derubato del proprio passaporto) e non si faccia in tempo ad esperire la necessaria istruttoria per l&#8217;emissione di un nuovo [&hellip;]","protected":false},"author":1,"featured_media":0,"parent":150,"menu_order":2,"comment_status":"closed","ping_status":"closed","template":"","meta":{"footnotes":""},"class_list":["post-151","page","type-page","status-publish","hentry"],"_links":{"self":[{"href":"https:\/\/ambchisinau.esteri.it\/ro\/wp-json\/wp\/v2\/pages\/151","targetHints":{"allow":["GET"]}}],"collection":[{"href":"https:\/\/ambchisinau.esteri.it\/ro\/wp-json\/wp\/v2\/pages"}],"about":[{"href":"https:\/\/ambchisinau.esteri.it\/ro\/wp-json\/wp\/v2\/types\/page"}],"author":[{"embeddable":true,"href":"https:\/\/ambchisinau.esteri.it\/ro\/wp-json\/wp\/v2\/users\/1"}],"replies":[{"embeddable":true,"href":"https:\/\/ambchisinau.esteri.it\/ro\/wp-json\/wp\/v2\/comments?post=151"}],"version-history":[{"count":3,"href":"https:\/\/ambchisinau.esteri.it\/ro\/wp-json\/wp\/v2\/pages\/151\/revisions"}],"predecessor-version":[{"id":1507,"href":"https:\/\/ambchisinau.esteri.it\/ro\/wp-json\/wp\/v2\/pages\/151\/revisions\/1507"}],"up":[{"embeddable":true,"href":"https:\/\/ambchisinau.esteri.it\/ro\/wp-json\/wp\/v2\/pages\/150"}],"wp:attachment":[{"href":"https:\/\/ambchisinau.esteri.it\/ro\/wp-json\/wp\/v2\/media?parent=151"}],"curies":[{"name":"wp","href":"https:\/\/api.w.org\/{rel}","templated":true}]}}