{"id":1510,"date":"2024-01-16T12:10:22","date_gmt":"2024-01-16T10:10:22","guid":{"rendered":"https:\/\/ambchisinau.esteri.it\/?page_id=1510"},"modified":"2025-11-21T16:41:52","modified_gmt":"2025-11-21T14:41:52","slug":"pasaport","status":"publish","type":"page","link":"https:\/\/ambchisinau.esteri.it\/ro\/servizi-consolari-e-visti\/servizi-per-il-cittadino-italiano\/passaporti-e-carte-didentita\/pasaport\/","title":{"rendered":"Pa\u0219aport"},"content":{"rendered":"<p><strong>PASSAPORTO<\/strong><\/p>\n<p>Il passaporto \u00e8 un documento sia di viaggio che di riconoscimento rilasciato da:<br \/>\n&#8211; in Italia dalle Questure;<br \/>\n&#8211; all&#8217;estero dalle Rappresentanze diplomatiche-consolari.<\/p>\n<p>Il passaporto \u00e8 valido per tutti i Paesi i cui Governi sono riconosciuti dal Governo Italiano e, a domanda dell&#8217;interessato, pu\u00f2 essere reso valido per i Paesi i cui Governi non sono riconosciuti mediante l&#8217;indicazione della localit\u00e0 di destinazione (art. 2 della legge 1185\/67).<\/p>\n<p><strong>Tipologie di passaporto<br \/>\n<\/strong>La normativa vigente prevede le seguenti tipologie di passaporto:<br \/>\na)\u00a0<strong>Passaporto ordinario<\/strong>: libretto a formato unico a\u00a0<strong>48<\/strong>\u00a0pagine;<br \/>\nb)<strong>\u00a0Passaporto temporaneo<\/strong>: libretto a\u00a0<strong>16<\/strong>\u00a0pagine;<\/p>\n<ol>\n<li><strong> Passaporto ordinario<br \/>\n<\/strong>Per passaporto ordinario si intende il passaporto elettronico che \u2013 a partire dal 26 ottobre 2006 &#8211; ha sostituito i precedenti modelli. Esso utilizza moderne tecnologie, quali la stampa anticontraffazione ed un microprocessore contenente i dati del titolare e dell\u2019autorit\u00e0 che lo ha rilasciato, che offrono standard elevati di sicurezza.<\/li>\n<\/ol>\n<p>La\u00a0<strong>validit\u00e0 temporale<\/strong>\u00a0del passaporto differisce in base all\u2019et\u00e0 del titolare:<\/p>\n<ul>\n<li>per i minori di 3 anni la validit\u00e0 \u00e8 di 3 anni;<\/li>\n<li>per i minori dai 3 ai 18 anni la validit\u00e0 \u00e8 di 5 anni;<\/li>\n<li>per i maggiorenni la validit\u00e0 \u00e8 di 10 anni.<\/li>\n<\/ul>\n<p>I passaporti scaduti non possono pi\u00f9 essere rinnovati.<\/p>\n<p><strong>Costo:<\/strong><br \/>\nIl costo del passaporto ordinario, che comprende il costo del libretto, nonch\u00e9 il contributo amministrativo, \u00e8 di<strong> \u20ac116.00 (<a href=\"https:\/\/ambchisinau.esteri.it\/it\/news\/dall_ambasciata\/2025\/11\/variazione-costo-passaporto-ordinario-elettronico\/\">dal 1 dicembre 2025 sar\u00e0 pari a \u20ac 116,20<\/a>), <\/strong>da corrispondere presso qualsiasi filiale della banca Eximbank S.A. con presentazione della ricevuta ai nostri sportelli.<\/p>\n<p>Il costo del passaporto temporaneo \u00e8 di <strong>\u20ac5.20,<\/strong>\u00a0da corrispondere presso qualsiasi filiale della banca Eximbank S.A. con presentazione della ricevuta ai nostri sportelli.<\/p>\n<p>Si ricorda che la Cancelleria Consolare di questa Ambasciata <strong>non<\/strong> accetta il pagamento in contanti.<\/p>\n<p><strong>Documentazione necessaria ai fini del rilascio del passaporto ordinario:<\/strong><\/p>\n<ul>\n<li style=\"text-align: justify;\">formulario\u00a0di richiesta del passaporto, debitamente compilato e sottoscritto\u00a0dall\u2019interessato;<\/li>\n<li style=\"text-align: justify;\">esibizione\u00a0di un documento di riconoscimento ai sensi del D.P.R. 445\/2000;<\/li>\n<li style=\"text-align: justify;\">2 fotografie recenti <a href=\"https:\/\/www.esteri.it\/it\/servizi-consolari-e-visti\/italiani-all-estero\/documenti_di_viaggio\/linee-guida-foto-icao\/\">conformi al formato Icao<\/a>;<\/li>\n<li style=\"text-align: justify;\">ricevuta del pagamento del costo del libretto e del contributo amministrativo, a meno di far parte delle categorie esenti di cui all\u2019art. 19 della legge 1185\/1967;<\/li>\n<li style=\"text-align: justify;\">nel\u00a0caso in cui il richiedente sia un minore di anni 18,\u00a0<a href=\"https:\/\/www.esteri.it\/mae\/resource\/doc\/2019\/09\/form1_-_atto_di_assenso_in_favore_dei_figli_minori.docx\">atto di assenso<\/a>\u00a0di entrambi genitori;<\/li>\n<li style=\"text-align: justify;\">nel\u00a0caso in cui il richiedente sia un minore di anni 18 nato all\u2019estero, \u00e8\u00a0necessario presentare al Consolato competente \u2013 che, laddove non si sia\u00a0gi\u00e0 provveduto in tal senso, provveder\u00e0 alla trasmissione in Italia, per\u00a0la successiva trascrizione nei registri di stato civile del Comune di\u00a0riferimento\u00a0 \u2013 l\u2019atto di nascita, tradotto e legalizzato (o munito di\u00a0<em>apostille<\/em>) oppure, ove previsto, il certificato su formulario plurilingue.<\/li>\n<\/ul>\n<p><strong>Passaporto individuale per i minori<\/strong><\/p>\n<p style=\"text-align: justify;\">l&#8217;Ambasciata d&#8217;Italia a Chisinau informa che dal 26 giugno 2012 tutti i minori italiani che viaggiano devono essere muniti di documento di viaggio individuale (Direttiva UE nr. 166 del 20 novembre 2009). Pertanto, onde evitare casi di respingimenti in frontiera, si invitano tutti i connazionali iscritti a quest&#8217;AIRE ad adeguarsi alla predetta normativa UE.<\/p>\n<p style=\"text-align: justify;\"><strong>Dichiarazione di accompagnamento<\/strong><\/p>\n<p style=\"text-align: justify;\">Fino al compimento dei <span style=\"text-decoration: underline;\">14 anni<\/span> i minori italiani possono espatriare a condizione che viaggino accompagnati da almeno un genitore o da chi ne fa le veci. Ai sensi dell\u2019articolo 3, lettera a) della legge 21 novembre 1967, n. 1185, per l&#8217;affidamento del minore ad altra persona, ente o compagnia di trasporto, i genitori (o i titolari della responsabilit\u00e0 genitoriale) sono tenuti a richiedere con apposita <span style=\"text-decoration: underline;\">dichiarazione<\/span> (<a href=\"https:\/\/ambchisinau.esteri.it\/wp-content\/uploads\/2024\/01\/Modulo-Dichiarazione-di-accompagnamento-domanda.pdf\">clicca per scaricare il modulo<\/a>) presentata alla Cancelleria consolare o all&#8217;autorit\u00e0 italiana competente, l&#8217;attestazione o la stampa sul passaporto dell&#8217;autorizzazione agli affidatari. La richiesta dovr\u00e0 indicare il periodo e i paesi di transito e destinazione relativi al viaggio del minore.<\/p>\n<p style=\"text-align: justify;\">La dichiarazione di accompagnamento \u00e8 finalizzata a garantire una maggiore tutela del minore, a rendere pi\u00f9 agevoli i controlli alle frontiere e a facilitare la presentazione della domanda per la dichiarazione mediante l\u2019utilizzo anche di modalit\u00e0 telematiche (mail, PEC, fax) .<\/p>\n<p style=\"text-align: justify;\">Ulteriori informazioni sono reperibili alla seguente pagina: <a href=\"http:\/\/www.esteri.it\/MAE\/IT\/Italiani_nel_Mondo\/ServiziConsolari\/Documenti_di_Viaggio\/Passaporto.htm\"><strong>MAECI &gt; Servizi agli Italiani all&#8217;estero\u00a0 &gt; Servizi Consolari &gt; Documenti di viaggio<\/strong><\/a><\/p>\n<p>__________________________________________________________________________<\/p>\n<p><strong>Restituzione passaporti rinvenuti all&#8217;estero e restituiti agli Uffici Consolari Italiani<\/strong><\/p>\n<p style=\"text-align: justify;\">I passaporti, oggetto di furto \/ smarrimento all&#8217;estero e successivamente rinvenuti dalle Autorit\u00e0 locali, vengono restituiti all&#8217;Ambasciata \/ Consolato nella cui circoscrizione \u00e8 avvenuto il furto o lo smarrimento.<\/p>\n<p style=\"text-align: justify;\">I connazionali, quindi, che sono stati oggetto di furto \/ smarrimento del proprio passaporto ed interessati alla restituzione dello stesso, dovranno farsi parte diligente, contattando via e-mail l&#8217;Ambasciata\/Consolato competente per territorio (<a href=\"mailto:chisinau.consolare@esteri.it\">chisinau.consolare@esteri.it<\/a>),\u00a0per verificare l&#8217;eventuale rinvenimento del proprio documento di viaggio e fornendo ad ogni buon fine i\u00a0recapiti necessari per la restituzione dello stesso.<\/p>\n<p style=\"text-align: justify;\">Le spese di spedizione del documento sono a carico del richiedente. I passaporti non reclamati entro 1 anno dal rinvenimento saranno distrutti.<\/p>\n","protected":false},"excerpt":{"rendered":"PASSAPORTO Il passaporto \u00e8 un documento sia di viaggio che di riconoscimento rilasciato da: &#8211; in Italia dalle Questure; &#8211; all&#8217;estero dalle Rappresentanze diplomatiche-consolari. Il passaporto \u00e8 valido per tutti i Paesi i cui Governi sono riconosciuti dal Governo Italiano e, a domanda dell&#8217;interessato, pu\u00f2 essere reso valido per i Paesi i cui Governi non [&hellip;]","protected":false},"author":4,"featured_media":0,"parent":150,"menu_order":0,"comment_status":"closed","ping_status":"closed","template":"","meta":{"footnotes":""},"class_list":["post-1510","page","type-page","status-publish","hentry"],"_links":{"self":[{"href":"https:\/\/ambchisinau.esteri.it\/ro\/wp-json\/wp\/v2\/pages\/1510","targetHints":{"allow":["GET"]}}],"collection":[{"href":"https:\/\/ambchisinau.esteri.it\/ro\/wp-json\/wp\/v2\/pages"}],"about":[{"href":"https:\/\/ambchisinau.esteri.it\/ro\/wp-json\/wp\/v2\/types\/page"}],"author":[{"embeddable":true,"href":"https:\/\/ambchisinau.esteri.it\/ro\/wp-json\/wp\/v2\/users\/4"}],"replies":[{"embeddable":true,"href":"https:\/\/ambchisinau.esteri.it\/ro\/wp-json\/wp\/v2\/comments?post=1510"}],"version-history":[{"count":5,"href":"https:\/\/ambchisinau.esteri.it\/ro\/wp-json\/wp\/v2\/pages\/1510\/revisions"}],"predecessor-version":[{"id":2492,"href":"https:\/\/ambchisinau.esteri.it\/ro\/wp-json\/wp\/v2\/pages\/1510\/revisions\/2492"}],"up":[{"embeddable":true,"href":"https:\/\/ambchisinau.esteri.it\/ro\/wp-json\/wp\/v2\/pages\/150"}],"wp:attachment":[{"href":"https:\/\/ambchisinau.esteri.it\/ro\/wp-json\/wp\/v2\/media?parent=1510"}],"curies":[{"name":"wp","href":"https:\/\/api.w.org\/{rel}","templated":true}]}}