{"id":161,"date":"2023-04-11T18:12:44","date_gmt":"2023-04-11T16:12:44","guid":{"rendered":"https:\/\/ambchisinau.esteri.it\/servizi-consolari-e-visti\/servizi-per-il-cittadino-straniero\/"},"modified":"2025-11-21T18:51:37","modified_gmt":"2025-11-21T16:51:37","slug":"servizi-per-il-cittadino-straniero","status":"publish","type":"page","link":"https:\/\/ambchisinau.esteri.it\/ro\/servizi-consolari-e-visti\/servizi-per-il-cittadino-straniero\/","title":{"rendered":"Servicii pentru cet\u0103\u021benii str\u0103ini"},"content":{"rendered":"<p>Modalitatea de acces la serviciile consulare ale Ambasadei Italiei:<\/p>\n<ul>\n<li><span style=\"text-decoration: underline;\">Serviciul direct de informare<\/span> (gratuit):<br \/>\nPublicul are acces liber la sediul oficiului consular (parter, intrarea extern\u0103 lateral\u0103, sala de a\u0219teptare), unde poate primi informa\u021bii, ridica formularele necesare pentru prezentarea cererilor de vize sau pentru solicitarea declara\u021biei de valoare, precum \u0219i lista actelor necesare pentru aceste scopuri;<\/li>\n<li><span style=\"text-decoration: underline;\">Serviciul de informare prin telefon<\/span> (gratuit):<br \/>\nPublicul poate contacta gratuit num\u0103rul de telefon +373 22 266720 pentru a primi informa\u021bii privind serviciile consulare. Urma\u021bi instruc\u021biunile robotului telefonic pentru a alege exact extensia dorit\u0103;<\/li>\n<li><span style=\"text-decoration: underline;\">Serviciul de informare prin po\u0219ta electronic\u0103<\/span> (gratuit)<br \/>\n\u2013 pentru informa\u021bii privind serviciile consulare, scrie\u021bi la adresa de e-mail:\u00a0<a href=\"mailto:chisinau.consolare@esteri.it\">chisinau.consolare@esteri.it<\/a>;<br \/>\n\u2013 pentru informa\u021bii privind vizele de intrare \u00een Italia, scrie\u021bi la adresa de e-mail:\u00a0<a href=\"mailto:chisinau.visti@esteri.it;\">chisinau.visti@esteri.it;<\/a><br \/>\n\u2013 adresa de po\u0219t\u0103 electronic\u0103 certificat\u0103 a Ambasadei este:\u00a0<a href=\"mailto:amb.chisinau@cert.esteri.it\">amb.chisinau@cert.esteri.it<\/a>.<\/li>\n<li><span style=\"text-decoration: underline;\">Serviciul de informare direct la ghi\u0219eu<\/span> (gratuit):<br \/>\nCererea de viz\u0103 poate fi prezentat\u0103 direct la ghi\u0219eele sec\u021biei consulare \u00een timpul programului de lucru, f\u0103r\u0103 necesitatea unei program\u0103ri prealabile.<br \/>\n\u00cen zilele urm\u0103toare depunerii cererii de viz\u0103, actele vor fi evaluate \u0219i verificate \u00een termenii prev\u0103zu\u021bi de Acordul de facilitare a vizelor dintre Uniunea European\u0103 \u0219i Moldova.<\/li>\n<\/ul>\n","protected":false},"excerpt":{"rendered":"Modalitatea de acces la serviciile consulare ale Ambasadei Italiei: Serviciul direct de informare (gratuit): Publicul are acces liber la sediul oficiului consular (parter, intrarea extern\u0103 lateral\u0103, sala de a\u0219teptare), unde poate primi informa\u021bii, ridica formularele necesare pentru prezentarea cererilor de vize sau pentru solicitarea declara\u021biei de valoare, precum \u0219i lista actelor necesare pentru aceste scopuri; [&hellip;]","protected":false},"author":1,"featured_media":0,"parent":148,"menu_order":2,"comment_status":"closed","ping_status":"closed","template":"","meta":{"footnotes":""},"class_list":["post-161","page","type-page","status-publish","hentry"],"_links":{"self":[{"href":"https:\/\/ambchisinau.esteri.it\/ro\/wp-json\/wp\/v2\/pages\/161","targetHints":{"allow":["GET"]}}],"collection":[{"href":"https:\/\/ambchisinau.esteri.it\/ro\/wp-json\/wp\/v2\/pages"}],"about":[{"href":"https:\/\/ambchisinau.esteri.it\/ro\/wp-json\/wp\/v2\/types\/page"}],"author":[{"embeddable":true,"href":"https:\/\/ambchisinau.esteri.it\/ro\/wp-json\/wp\/v2\/users\/1"}],"replies":[{"embeddable":true,"href":"https:\/\/ambchisinau.esteri.it\/ro\/wp-json\/wp\/v2\/comments?post=161"}],"version-history":[{"count":4,"href":"https:\/\/ambchisinau.esteri.it\/ro\/wp-json\/wp\/v2\/pages\/161\/revisions"}],"predecessor-version":[{"id":2505,"href":"https:\/\/ambchisinau.esteri.it\/ro\/wp-json\/wp\/v2\/pages\/161\/revisions\/2505"}],"up":[{"embeddable":true,"href":"https:\/\/ambchisinau.esteri.it\/ro\/wp-json\/wp\/v2\/pages\/148"}],"wp:attachment":[{"href":"https:\/\/ambchisinau.esteri.it\/ro\/wp-json\/wp\/v2\/media?parent=161"}],"curies":[{"name":"wp","href":"https:\/\/api.w.org\/{rel}","templated":true}]}}