{"id":2080,"date":"2025-03-12T12:53:49","date_gmt":"2025-03-12T10:53:49","guid":{"rendered":"https:\/\/ambchisinau.esteri.it\/?page_id=2080"},"modified":"2025-03-17T12:29:39","modified_gmt":"2025-03-17T10:29:39","slug":"codul-fiscal-pentru-cetatenii-straini-nerezidenti-in-italia","status":"publish","type":"page","link":"https:\/\/ambchisinau.esteri.it\/ro\/servizi-consolari-e-visti\/servizi-per-il-cittadino-straniero\/codul-fiscal-pentru-cetatenii-straini-nerezidenti-in-italia\/","title":{"rendered":"Codul fiscal pentru cet\u0103\u021benii str\u0103ini nereziden\u021bi \u00een Italia"},"content":{"rendered":"<p style=\"text-align: justify;\">Un cet\u0103\u021bean str\u0103in, care nu este rezident \u00een Italia, trebuie s\u0103 \u00eemputerniceasc\u0103 \u00een mod expres o persoan\u0103 pentru a depune formularul de solicitare a Codului Fiscal (<em>Codice Fiscale &#8211; C.F.<\/em>) direct la ghi\u0219eele <strong>Agen\u021biei Fiscale<\/strong> situate pe teritoriul italian, \u00een conformitate cu art. 1 din Decretul Ministerial nr. 281 din 17 mai 2001.<\/p>\n<p style=\"text-align: justify;\">Adresele birourilor Agen\u021biei Fiscale pot fi g\u0103site pe pagina web <a href=\"http:\/\/www.agenziaentrate.it\">www.agenziaentrate.it<\/a> .<\/p>\n<p style=\"text-align: justify;\">Codul Fiscal poate fi solicitat de c\u0103tre cet\u0103\u021beanul str\u0103in la <strong>Oficiul Consular competent pentru locul de re\u0219edin\u021b\u0103 <span style=\"text-decoration: underline;\">doar<\/span><\/strong> \u00een cazurile \u00een care C.F. este necesar pentru procedurile ce urmeaz\u0103 a fi efectuate online \u0219i\/sau pentru care cet\u0103\u021beanul str\u0103in nu are posibilitatea de a \u00eemputernici o persoan\u0103 responsabil\u0103 cu solicitarea c\u0103tre Agen\u021bia Fiscal\u0103; \u00een astfel de cazuri, Oficiul consular va transmite solicitarea c\u0103tre Agen\u021bia Fiscal\u0103 din Italia.<\/p>\n<p style=\"text-align: justify;\">Solicitarea de Cod Fiscal se va face prin completarea <a href=\"https:\/\/ambchisinau.esteri.it\/wp-content\/uploads\/2023\/10\/Modello-domanda-attribuzione-C.F.pdf\">formularului corespunz\u0103tor<\/a> \u0219i se va transmite \u00eempreun\u0103 cu copia unui document de identitate \u0219i cu indicarea motivului solicit\u0103rii.<\/p>\n<p style=\"text-align: justify;\"><strong>Studen\u021bii<\/strong> care au nevoie de Cod Fiscal pentru pre\u00eenscrierea la Universitate, \u00eel vor putea ob\u021bine \u00een mod automat pe <strong>portalul <a href=\"https:\/\/www.universitaly.it\/\">UNIVERSITALY<\/a><\/strong> \u00een faza transmiterii cererii de pre\u00eenscriere universitar\u0103. Atribuirea Codului Fiscal va putea fi finalizat\u0103: la Ghi\u0219eul Unic pentru Imigrare (<em>Sportello Unico dell\u2019Immigrazione<\/em>) sau la Chestur\u0103 <em>(Questura)<\/em> \u00een momentul solicit\u0103rii permisului de \u0219edere pentru motiv de studii &#8211; pentru studen\u021bii din afara UE, sau prin depunerea formularului AA4\/8 &#8211; pentru studen\u021bii din UE.<\/p>\n<p style=\"text-align: justify;\"><strong>Cet\u0103\u021benii str\u0103ini care au nevoie de Cod Fiscal pentru achizi\u021bionarea de bunuri imobiliare sau pentru alte activit\u0103\u021bi comerciale \/ financiare <\/strong>\u00een Italia, pot \u00eemputernici un reprezentant de-al lor pentru solicitarea, \u00een numele lor, a C.F. la Agen\u021bia Fiscal\u0103.<\/p>\n<p style=\"text-align: justify;\"><strong>Cet\u0103\u021benii din \u021a\u0103rile extra UE care inten\u021bioneaz\u0103 s\u0103 locuiasc\u0103 \u00een Italia<\/strong> vor putea ob\u021bine Codul Fiscal:<\/p>\n<p style=\"text-align: justify;\">&#8211; la Ghi\u0219eul Unic pentru Imigrare (<em>Sportello unico per l\u2019Immigrazione<\/em>), prezent \u00een fiecare Prefectur\u0103 \u0219i competent pentru eliberarea autoriza\u021biei <em>Nulla Osta <\/em>pentru intrarea cet\u0103\u021benilor str\u0103ini solicitan\u021bi de permise de \u0219edere pe motiv de munc\u0103 sau pentru re\u00eentregirea familiei;<\/p>\n<p style=\"text-align: justify;\">&#8211; la Chestur\u0103 <em>(Questura<\/em>), oficiul Poli\u021biei de Stat &#8211; pentru cet\u0103\u021benii str\u0103ini care solicit\u0103 un alt tip de permis de \u0219edere.<\/p>\n<p style=\"text-align: justify;\"><strong>Cet\u0103\u021benii din \u021a\u0103rile UE care inten\u021bioneaz\u0103 s\u0103 locuiasc\u0103 \u00een Italia<\/strong> pot solicita C.F., prezent\u00e2nd formularul AA4\/8 la un Birou teritorial al Agen\u021biei Fiscale. Solicitarea trebuie s\u0103 fie motivat\u0103 \u0219i \u00eenso\u021bit\u0103 de un document de identitate valabil (pa\u0219aport sau carte de identitate valabil\u0103 pentru expatriere).<\/p>\n<p style=\"text-align: justify;\">Cet\u0103\u021beanul str\u0103in care are nevoie de un Cod Fiscal pentru <strong>ini\u021bierea unei proceduri judiciare \u00een Italia<\/strong> va putea include printre \u00eemputernicirile acordate avocatului s\u0103u \u0219i sarcina de a solicita C.F. la orice biroul al Agen\u021biei Fiscale; adresele birourilor Agen\u021biei Fiscale pot fi g\u0103site pe pagina web a acesteia <a href=\"http:\/\/www.agenziaentrate.it\">www.agenziaentrate.it<\/a>.<\/p>\n","protected":false},"excerpt":{"rendered":"Un cet\u0103\u021bean str\u0103in, care nu este rezident \u00een Italia, trebuie s\u0103 \u00eemputerniceasc\u0103 \u00een mod expres o persoan\u0103 pentru a depune formularul de solicitare a Codului Fiscal (Codice Fiscale &#8211; C.F.) direct la ghi\u0219eele Agen\u021biei Fiscale situate pe teritoriul italian, \u00een conformitate cu art. 1 din Decretul Ministerial nr. 281 din 17 mai 2001. Adresele birourilor [&hellip;]","protected":false},"author":4,"featured_media":0,"parent":161,"menu_order":5,"comment_status":"closed","ping_status":"closed","template":"","meta":{"footnotes":""},"class_list":["post-2080","page","type-page","status-publish","hentry"],"_links":{"self":[{"href":"https:\/\/ambchisinau.esteri.it\/ro\/wp-json\/wp\/v2\/pages\/2080","targetHints":{"allow":["GET"]}}],"collection":[{"href":"https:\/\/ambchisinau.esteri.it\/ro\/wp-json\/wp\/v2\/pages"}],"about":[{"href":"https:\/\/ambchisinau.esteri.it\/ro\/wp-json\/wp\/v2\/types\/page"}],"author":[{"embeddable":true,"href":"https:\/\/ambchisinau.esteri.it\/ro\/wp-json\/wp\/v2\/users\/4"}],"replies":[{"embeddable":true,"href":"https:\/\/ambchisinau.esteri.it\/ro\/wp-json\/wp\/v2\/comments?post=2080"}],"version-history":[{"count":6,"href":"https:\/\/ambchisinau.esteri.it\/ro\/wp-json\/wp\/v2\/pages\/2080\/revisions"}],"predecessor-version":[{"id":2093,"href":"https:\/\/ambchisinau.esteri.it\/ro\/wp-json\/wp\/v2\/pages\/2080\/revisions\/2093"}],"up":[{"embeddable":true,"href":"https:\/\/ambchisinau.esteri.it\/ro\/wp-json\/wp\/v2\/pages\/161"}],"wp:attachment":[{"href":"https:\/\/ambchisinau.esteri.it\/ro\/wp-json\/wp\/v2\/media?parent=2080"}],"curies":[{"name":"wp","href":"https:\/\/api.w.org\/{rel}","templated":true}]}}