{"id":2417,"date":"2023-10-27T09:12:22","date_gmt":"2023-10-27T07:12:22","guid":{"rendered":"https:\/\/ambchisinau.esteri.it\/?page_id=2417"},"modified":"2025-12-09T16:50:52","modified_gmt":"2025-12-09T14:50:52","slug":"formulare","status":"publish","type":"page","link":"https:\/\/ambchisinau.esteri.it\/ro\/news\/dall_ambasciata\/formulare\/","title":{"rendered":"Formulare utile"},"content":{"rendered":"<p>\u00cenainte de a naviga pe pagina acestei Ambasade, v\u0103 rug\u0103m s\u0103 face\u021bi cuno\u0219tin\u021b\u0103 cu <a href=\"https:\/\/ambchisinau.esteri.it\/ro\/news\/multimedia\/politica-privind-retelele-sociale-si-neticheta\/\">Politica privind re\u021belele sociale \u0219i Neticheta.<\/a><\/p>\n<p style=\"text-align: justify;\"><strong>Aten\u021bie: <\/strong><em>v\u0103 invit\u0103m s\u0103 <strong>NU TRANSMITE\u021aI <\/strong>acestei Ambasade documenta\u021bia original\u0103 \u00een scopul solicit\u0103rii vizei de intrare \u00een Italia. Aceast\u0103 documenta\u021bie urmeaz\u0103 a fi prezentat\u0103 direct de c\u0103tre solicitan\u021bi la ghi\u0219eele Biroului Consular. Ambasada\u00a0<strong>nu este responsabil\u0103\u00a0<\/strong>pentru pierderea documentelor primite \u00een original contrar celor indicate mai sus.\u00a0<\/em><\/p>\n<p><strong>TARIFE:<br \/>\n<a href=\"https:\/\/ambchisinau.esteri.it\/ro\/servizi-consolari-e-visti\/\">Lista tarifelor administrative<\/a><\/strong><\/p>\n<p><span style=\"text-decoration: underline;\"><strong>Formulare VIZE:<\/strong><\/span><\/p>\n<p><strong><a href=\"https:\/\/ambchisinau.esteri.it\/wp-content\/uploads\/2025\/11\/NEW-Informativa-sulla-protezione-delle-persone-fisiche-ROM.pdf\" target=\"_blank\" rel=\"noopener\">Not\u0103 informativ\u0103 privind protec\u021bia datelor cu caracter personal \u00een scopul solicit\u0103rii vizelor<\/a><br \/>\n<\/strong><\/p>\n<ul>\n<li><strong>Viz\u0103 de tip C (sejururi de scurt\u0103 durat\u0103) pentru Statele Schengen<br \/>\n<\/strong><a href=\"https:\/\/ambchisinau.esteri.it\/wp-content\/uploads\/2025\/11\/Documenti-per-visto-per-turismo-VSU-ita-eng.pdf\">Lista actelor necesare pentru solicitarea Vizei Schengen &#8211; ITA \/ ENG<\/a><br \/>\n<a href=\"https:\/\/ambchisinau.esteri.it\/wp-content\/uploads\/2024\/08\/Formulario-Italiano-Romeno.pdf\">Formular de cerere bilingv ITA &#8211; ROM<\/a><br \/>\n<a href=\"https:\/\/ambchisinau.esteri.it\/wp-content\/uploads\/2024\/08\/Formulario-Italiano-Russo.pdf\">Formular de cerere bilingv ITA &#8211; RUS<\/a><br \/>\n<a href=\"https:\/\/ambchisinau.esteri.it\/wp-content\/uploads\/2024\/08\/Formulario-inglese.pdf\">Formular de cerere ENG<\/a><br \/>\n<a href=\"https:\/\/ambchisinau.esteri.it\/wp-content\/uploads\/2024\/08\/DICHIARAZIONE-DI-OSPITALITA-amici-familiari-nuovo-OK.pdf\" target=\"_blank\" rel=\"noopener\">Declara\u021bie de ospitalitate pentru vizite la rude\/prieteni, ITA<\/a><br \/>\n<a href=\"https:\/\/ambchisinau.esteri.it\/wp-content\/uploads\/2024\/09\/NEW-MODELLO-DI-INVITO-PER-AFFARI-nuovo-OK.pdf\" target=\"_blank\" rel=\"noopener\">Scrisoare de invita\u021bie pentru Vizite de Afaceri, ITA<\/a><\/li>\n<li><strong>Formular de cerere a Vizei Na\u021bionale de tip D<br \/>\n<\/strong><\/li>\n<li><a href=\"https:\/\/ambchisinau.esteri.it\/wp-content\/uploads\/2025\/11\/NEW-Elenco-Ricong.-Fam.-cittadini-stranieri-ita-rom.pdf\">Lista actelor necesare pentru Viza Na\u021bional\u0103 de tip D pentru Re\u00eentregirea Familiei cu cet\u0103\u021bean str\u0103in ITA\/ROM<\/a><br \/>\n<a href=\"https:\/\/ambchisinau.esteri.it\/wp-content\/uploads\/2025\/11\/NEW-Elenco-doc-per-Visto-D-x-Studio-e-Erasmus-ita-rom.pdf\">Lista actelor necesare pentru Viza Na\u021bional\u0103 de tip D pentru Studii \u0219i Erasmus ITA\/ROM<\/a><strong><strong><br \/>\n<\/strong><\/strong><a href=\"https:\/\/ambchisinau.esteri.it\/wp-content\/uploads\/2025\/11\/ROM-normativa-e-elenco-doc-visto-motivi-familiari.pdf\">Lista actelor necesare pentru Viza Na\u021bional\u0103 de tip D pentru Motive familiare ITA\/ROM<\/a><br \/>\n<a href=\"https:\/\/ambchisinau.esteri.it\/wp-content\/uploads\/2025\/12\/NEW-Elenco-doc-per-Visto-D-Lavoro-Subordinato.pdf\">Lista actelor necesare pentru Viza Na\u021bional\u0103 de tip D pentru Munc\u0103 Subordonat\u0103 ITA\/ROM<\/a><br \/>\n<a href=\"https:\/\/ambchisinau.esteri.it\/wp-content\/uploads\/2024\/09\/Formulario-Visto-Nazionale-italiano-NUOVO.pdf\" target=\"_blank\" rel=\"noopener\">Formular de cerere Viz\u0103 Na\u021bional\u0103 de tip D &#8211; ITA \/ ROM<\/a><br \/>\n<a href=\"https:\/\/ambchisinau.esteri.it\/wp-content\/uploads\/2024\/09\/NEW-Formulario-Visto-Nazionale-ING-ITA_nuovo-OK.pdf\" target=\"_blank\" rel=\"noopener\">Formular de cerere Viz\u0103 Na\u021bional\u0103 de tip D &#8211; ITA \/ ENG<\/a> <strong><br \/>\n<\/strong><\/li>\n<li><strong>Viza pentru nomazii digitali \u0219i lucr\u0103torii la distan\u021b\u0103 &#8211; <\/strong><a href=\"https:\/\/ambchisinau.esteri.it\/wp-content\/uploads\/2025\/12\/NEW-Viza-pentru-\u201enomazi-digitali-si-\u201elucratori-la-distanta.pdf\"><strong>condi\u021bii de eliberare \u0219i documente necesare &#8211; ROM<\/strong><\/a><\/li>\n<\/ul>\n<p><strong><span style=\"text-decoration: underline;\">Formulare utile pentru SERVICII CONSULARE:<\/span><br \/>\n<\/strong><a href=\"https:\/\/ambchisinau.esteri.it\/wp-content\/uploads\/2023\/10\/informativa_servizi_consolari__ex_visti_e_cittadinanza_2023.pdf\">Nota informativ\u0103 privind protec\u021bia datelor personal \u00een scopul furniz\u0103rii serviciilor consulare &#8211; ITA<\/a><\/p>\n<ul>\n<li>AIRE (Registrul Italienilor Reziden\u0163i \u00een Str\u0103in\u0103tate) &#8211; <strong>exclusiv pentru cet\u0103\u021beni italieni<\/strong>:<br \/>\n&#8211;<a href=\"https:\/\/ambchisinau.esteri.it\/it\/servizi-consolari-e-visti\/servizi-per-il-cittadino-italiano\/anagrafe-a-i-r-e\/\"> informa\u021bii generale &#8211; ITA<\/a><br \/>\n&#8211; <a href=\"https:\/\/ambchisinau.esteri.it\/wp-content\/uploads\/2024\/09\/Modulo-richiesta-iscrizione-AIRE-agg-2024-1.pdf\">formular de \u00eenscriere la AIRE &#8211; ITA<\/a><br \/>\n&#8211; <a href=\"https:\/\/ambchisinau.esteri.it\/wp-content\/uploads\/2025\/11\/Modulo-variazione-indirizzo.pdf\">declara\u021bie de schimbare a re\u0219edin\u021bei \/ transfer \/ repatriere cet\u0103\u021bean italian &#8211; ITA<\/a><\/li>\n<\/ul>\n<ul>\n<li>C\u0102S\u0102TORIE &#8211; <strong>doar pentru cet\u0103\u021beni italieni<\/strong>:<br \/>\n&#8211; <a href=\"https:\/\/ambchisinau.esteri.it\/wp-content\/uploads\/2025\/11\/Richiesta-NO-matrimonio.pdf\">Solicitare Nulla Osta pentru c\u0103s\u0103torie pentru cet\u0103\u021bean italian<\/a><\/li>\n<li>STARE CIVIL\u0102:<br \/>\nTranscrierea actelor de Stare Civil\u0103 \u00een Italia &#8211; f<strong>ormulare \u00een limba italian\u0103<\/strong>:<br \/>\n&#8211; <a href=\"https:\/\/ambchisinau.esteri.it\/wp-content\/uploads\/2025\/11\/TRASCRIZIONE-ATTO-DI-NASCITA.pdf\">cerere de transcriere a Certificatului de Na\u0219tere<\/a><br \/>\n&#8211;\u00a0<a href=\"https:\/\/ambchisinau.esteri.it\/wp-content\/uploads\/2025\/11\/TRASCRIZIONE-ATTO-DI-NASCITA.pdf\">cerere de transcriere a Certificatului de C\u0103s\u0103torie\u00a0<\/a><br \/>\n&#8211; <a href=\"https:\/\/ambchisinau.esteri.it\/wp-content\/uploads\/2025\/11\/NEW-modulo_richiesta_trascrizione_divorzio.pdf\">cerere de transcriere a Divor\u021bului<\/a><\/li>\n<li>CET\u0102\u021aENIE &#8211; <strong>\u00een limba italian\u0103<\/strong>:<br \/>\n&#8211; <a href=\"https:\/\/ambchisinau.esteri.it\/wp-content\/uploads\/2025\/03\/Informativa-trattamento-dati-personali-per-cittadinanza.pdf\">Nota informativ\u0103 privind protec\u021bia datelor personale \u00een scopul prezent\u0103rii cererii de ob\u021binere a cet\u0103\u021beniei italiene<\/a><br \/>\n&#8211; <a href=\"https:\/\/ambchisinau.esteri.it\/wp-content\/uploads\/2025\/03\/Legge-n.-91-1992.pdf\">Textul<\/a> Legii nr. 91\/92<br \/>\n&#8211; <a href=\"https:\/\/ambchisinau.esteri.it\/wp-content\/uploads\/2025\/03\/Mod_riconoscimento_per_discendenza_da_avi_italiani.pdf\">Cerere de solicitare a cet\u0103\u021beniei <em>iure sanguinis<\/em><\/a><br \/>\n&#8211; <a href=\"https:\/\/serviziconsolarionline.esteri.it\/ScoFE\/services\/service-info.sco?serviceId=140\">Solicitare certificat de cet\u0103\u021benie<\/a><br \/>\n&#8211; <a href=\"https:\/\/ambchisinau.esteri.it\/wp-content\/uploads\/2025\/11\/ISTANZA-DI-RINUNCIA-ALLA-CITTADINANZA-ITALIANA.pdf\" target=\"_blank\" rel=\"noopener\">Cerere de renun\u021bare la cet\u0103\u021benia italian\u0103<\/a><\/li>\n<li>DOCUMENTE DE IDENTITATE \u0218I TITLURI DE C\u0102L\u0102TORIE &#8211; <strong>doar pentru cet\u0103\u021beni italieni<\/strong>:<br \/>\n&#8211; <a href=\"https:\/\/ambchisinau.esteri.it\/wp-content\/uploads\/2024\/10\/Modello-Richiesta-CIE.pdf\">Emiterea c\u0103r\u021bii de identitate<\/a><br \/>\n&#8211; <a href=\"https:\/\/ambchisinau.esteri.it\/wp-content\/uploads\/2024\/10\/Modulo-richiesta-CIE-a-favore-di-minori.pdf\">Formular de cerere de carte de identitate pentru copii minori<\/a><br \/>\n&#8211; <a href=\"https:\/\/ambchisinau.esteri.it\/wp-content\/uploads\/2024\/10\/PASSAPORTO-informazioni_e_moduli.08.10.2024.pdf\">Formular de cerere pentru eliberarea pa\u0219aportului (instruc\u021biuni, formular, acord pentru minori, not\u0103 informativ\u0103 )<\/a><br \/>\n&#8211; <a href=\"https:\/\/ambchisinau.esteri.it\/wp-content\/uploads\/2024\/10\/Modulo-Dichiarazione-di-accompagnamento-minori.pdf\">Declara\u021bie de \u00eenso\u021bire a minorilor<\/a><br \/>\n&#8211; <a href=\"https:\/\/ambchisinau.esteri.it\/wp-content\/uploads\/2025\/12\/NEW-Formulario-ETD-UE_IT_-con-versione-EN-e-FR.pdf\">Formular de eliberare a titlului de c\u0103l\u0103torie provizoriu &#8211; ETD &#8211; \u00een IT, ENG, FR<\/a><\/li>\n<li>ASISTEN\u021a\u0102 pentru cet\u0103\u021benii italieni: <a href=\"https:\/\/ambchisinau.esteri.it\/wp-content\/uploads\/2025\/11\/Domanda-di-assistenza-diretta.pdf\">formular de cerere a asisten\u021bei directe<\/a><\/li>\n<li>COD FISCAL: <a href=\"https:\/\/ambchisinau.esteri.it\/wp-content\/uploads\/2023\/10\/Modulo-richiesta-iscrizione-AIRE-1.pdf\">cerere de atribuire a codului fiscal<\/a><\/li>\n<li>STUDIU\/MUNC\u0102 (DECLARA\u021aIE DE VALOARE):<br \/>\n&#8211; <a href=\"https:\/\/ambchisinau.esteri.it\/ro\/servizi-consolari-e-visti\/servizi-per-il-cittadino-straniero\/declaratii-de-valoare\/\">Lista actelor necesare pentru a ob\u021bine Declara\u021bia de Valoare &#8211; ROM<\/a><br \/>\n<a href=\"https:\/\/ambchisinau.esteri.it\/wp-content\/uploads\/2023\/10\/Modulo-Richiesta-DV-2023.pdf\">&#8211; Formular de solicitare a Declara\u021biei de Valoare ITA &#8211; ROM<\/a><\/li>\n<\/ul>\n","protected":false},"excerpt":{"rendered":"\u00cenainte de a naviga pe pagina acestei Ambasade, v\u0103 rug\u0103m s\u0103 face\u021bi cuno\u0219tin\u021b\u0103 cu Politica privind re\u021belele sociale \u0219i Neticheta. Aten\u021bie: v\u0103 invit\u0103m s\u0103 NU TRANSMITE\u021aI acestei Ambasade documenta\u021bia original\u0103 \u00een scopul solicit\u0103rii vizei de intrare \u00een Italia. Aceast\u0103 documenta\u021bie urmeaz\u0103 a fi prezentat\u0103 direct de c\u0103tre solicitan\u021bi la ghi\u0219eele Biroului Consular. Ambasada\u00a0nu este responsabil\u0103\u00a0pentru [&hellip;]","protected":false},"author":4,"featured_media":0,"parent":166,"menu_order":0,"comment_status":"closed","ping_status":"closed","template":"","meta":{"footnotes":""},"class_list":["post-2417","page","type-page","status-publish","hentry"],"_links":{"self":[{"href":"https:\/\/ambchisinau.esteri.it\/ro\/wp-json\/wp\/v2\/pages\/2417","targetHints":{"allow":["GET"]}}],"collection":[{"href":"https:\/\/ambchisinau.esteri.it\/ro\/wp-json\/wp\/v2\/pages"}],"about":[{"href":"https:\/\/ambchisinau.esteri.it\/ro\/wp-json\/wp\/v2\/types\/page"}],"author":[{"embeddable":true,"href":"https:\/\/ambchisinau.esteri.it\/ro\/wp-json\/wp\/v2\/users\/4"}],"replies":[{"embeddable":true,"href":"https:\/\/ambchisinau.esteri.it\/ro\/wp-json\/wp\/v2\/comments?post=2417"}],"version-history":[{"count":7,"href":"https:\/\/ambchisinau.esteri.it\/ro\/wp-json\/wp\/v2\/pages\/2417\/revisions"}],"predecessor-version":[{"id":2960,"href":"https:\/\/ambchisinau.esteri.it\/ro\/wp-json\/wp\/v2\/pages\/2417\/revisions\/2960"}],"up":[{"embeddable":true,"href":"https:\/\/ambchisinau.esteri.it\/ro\/wp-json\/wp\/v2\/pages\/166"}],"wp:attachment":[{"href":"https:\/\/ambchisinau.esteri.it\/ro\/wp-json\/wp\/v2\/media?parent=2417"}],"curies":[{"name":"wp","href":"https:\/\/api.w.org\/{rel}","templated":true}]}}